{"id":1424,"date":"2021-12-18T12:42:24","date_gmt":"2021-12-18T12:42:24","guid":{"rendered":"https:\/\/wpolive.com\/parador\/?page_id=13"},"modified":"2026-04-17T09:09:21","modified_gmt":"2026-04-17T06:09:21","slug":"home","status":"publish","type":"page","link":"https:\/\/miramorgardenresort.com\/","title":{"rendered":"Home"},"content":{"rendered":"\t\t<div data-elementor-type=\"wp-page\" data-elementor-id=\"1424\" class=\"elementor elementor-1424\" data-elementor-post-type=\"page\">\n\t\t\t\t\t\t<section class=\"elementor-section elementor-top-section elementor-element elementor-element-1091cf5 elementor-section-full_width elementor-section-height-default elementor-section-height-default\" data-id=\"1091cf5\" data-element_type=\"section\" data-settings=\"{&quot;background_background&quot;:&quot;classic&quot;}\">\n\t\t\t\t\t\t\t<div class=\"elementor-background-overlay\"><\/div>\n\t\t\t\t\t\t\t<div class=\"elementor-container elementor-column-gap-no\">\n\t\t\t\t\t<div class=\"elementor-column elementor-col-100 elementor-top-column elementor-element elementor-element-233f974\" data-id=\"233f974\" data-element_type=\"column\">\n\t\t\t<div class=\"elementor-widget-wrap elementor-element-populated\">\n\t\t\t\t\t\t<div class=\"elementor-element elementor-element-e4fc722 elementor--h-position-center elementor--v-position-middle elementor-widget elementor-widget-slides\" data-id=\"e4fc722\" data-element_type=\"widget\" data-settings=\"{&quot;navigation&quot;:&quot;none&quot;,&quot;autoplay&quot;:&quot;yes&quot;,&quot;pause_on_hover&quot;:&quot;yes&quot;,&quot;pause_on_interaction&quot;:&quot;yes&quot;,&quot;autoplay_speed&quot;:5000,&quot;infinite&quot;:&quot;yes&quot;,&quot;transition&quot;:&quot;slide&quot;,&quot;transition_speed&quot;:500}\" data-widget_type=\"slides.default\">\n\t\t\t\t<div class=\"elementor-widget-container\">\n\t\t\t\t\t<div class=\"elementor-swiper\">\n\t\t\t<div class=\"elementor-slides-wrapper elementor-main-swiper swiper\" dir=\"ltr\" data-animation=\"\">\n\t\t\t\t<div class=\"swiper-wrapper elementor-slides\">\n\t\t\t\t\t\t\t\t\t\t<div class=\"elementor-repeater-item-bf23ec0 swiper-slide\"><div class=\"swiper-slide-bg elementor-ken-burns elementor-ken-burns--in\" role=\"img\"><\/div><div class=\"swiper-slide-inner\" ><div class=\"swiper-slide-contents\"><div class=\"elementor-slide-heading\">Miramor Garden Resort<\/div><div class=\"elementor-slide-description\">Kemer - Antalya \/ T\u00dcRK\u0130YE<\/div><\/div><\/div><\/div><div class=\"elementor-repeater-item-0a79fba swiper-slide\"><div class=\"swiper-slide-bg elementor-ken-burns elementor-ken-burns--in\" role=\"img\"><\/div><div class=\"swiper-slide-inner\" ><div class=\"swiper-slide-contents\"><div class=\"elementor-slide-heading\">Miramor Garden Resort<\/div><div class=\"elementor-slide-description\">Kemer - Antalya \/ T\u00dcRK\u0130YE<\/div><\/div><\/div><\/div><div class=\"elementor-repeater-item-1f7e582 swiper-slide\"><div class=\"swiper-slide-bg elementor-ken-burns elementor-ken-burns--in\" role=\"img\"><\/div><div class=\"swiper-slide-inner\" ><div class=\"swiper-slide-contents\"><div class=\"elementor-slide-heading\">Miramor Garden Resort<\/div><div class=\"elementor-slide-description\">Kemer - Antalya \/ T\u00dcRK\u0130YE<\/div><\/div><\/div><\/div>\t\t\t\t<\/div>\n\t\t\t\t\t\t\t\t\t\t\t\t\t\t\t\t\t\t\t\t\t<\/div>\n\t\t<\/div>\n\t\t\t\t<\/div>\n\t\t\t\t<\/div>\n\t\t\t\t\t<\/div>\n\t\t<\/div>\n\t\t\t\t\t<\/div>\n\t\t<\/section>\n\t\t\t\t<section class=\"elementor-section elementor-top-section elementor-element elementor-element-4a88fa8 elementor-section-full_width elementor-section-height-default elementor-section-height-default\" data-id=\"4a88fa8\" data-element_type=\"section\">\n\t\t\t\t\t\t<div class=\"elementor-container elementor-column-gap-no\">\n\t\t\t\t\t<div class=\"elementor-column elementor-col-100 elementor-top-column elementor-element elementor-element-0071d34\" data-id=\"0071d34\" data-element_type=\"column\">\n\t\t\t<div class=\"elementor-widget-wrap elementor-element-populated\">\n\t\t\t\t\t\t<div class=\"elementor-element elementor-element-74fb287 elementor-widget elementor-widget-wpo-parador_about\" data-id=\"74fb287\" data-element_type=\"widget\" data-settings=\"{&quot;about_image&quot;:{&quot;url&quot;:&quot;https:\\\/\\\/miramorgardenresort.com\\\/wp-content\\\/uploads\\\/2024\\\/11\\\/12603_Miramor_Garden_Resort_104597-Kopyala.webp&quot;,&quot;id&quot;:2343,&quot;size&quot;:&quot;&quot;,&quot;alt&quot;:&quot;&quot;,&quot;source&quot;:&quot;library&quot;}}\" data-widget_type=\"wpo-parador_about.default\">\n\t\t\t\t<div class=\"elementor-widget-container\">\n\t\t\t\t\t<div class=\"parador-about wpo-about-section-s3\">\n\t\t\t<div class=\" container\">\n\t\t\t\t<div class=\"wpo-about-section-wrapper\">\n\t\t\t\t\t<div class=\"row align-items-center\">\n\t\t\t\t\t\t\t\t\t\t\t\t\t<div class=\"col-lg-6 col-md-12 col-12\">\n\t\t\t\t\t\t\t\t<div class=\"wpo-about-img\">\n\t\t\t\t\t\t\t\t\t<img decoding=\"async\" src=\"https:\/\/miramorgardenresort.com\/wp-content\/uploads\/2024\/11\/12603_Miramor_Garden_Resort_104597-Kopyala.webp\" alt=\"\">\t\t\t\t\t\t\t\t<\/div>\n\t\t\t\t\t\t\t<\/div>\n\t\t\t\t\t\t\t\t\t\t\t\t<div class=\" col-lg-6 col-md-12 col-12\">\n\t\t\t\t\t\t\t<div class=\"wpo-about-content\">\n\t\t\t\t\t\t\t\t<div class=\"about-title\">\n\t\t\t\t\t\t\t\t\t<h2>G\u00fczel bir tatil i\u00e7in ...<\/h2>\t\t\t\t\t\t\t\t<\/div>\n\t\t\t\t\t\t\t\t<div class=\"wpo-about-content-inner\">\n\t\t\t\t\t\t\t\t\t<p>Yemye\u015fil do\u011fa ile i\u00e7 i\u00e7e bir atmosferde yer alan ve huzurlu bir tatilin kap\u0131lar\u0131n\u0131 aralayan Miramor Garden Resort Hotel, Antalya\u2019n\u0131n en pop\u00fcler ve e\u011flenceli tatil merkezlerinden Kemer\u2019in Kiri\u015f mevkiinde misafirlerini a\u011f\u0131rl\u0131yor.<\/p><p>Kiri\u015f, Kemer\u2019in merkezine yakla\u015f\u0131k 7 km uzakl\u0131kta bulunuyor. Denize gidip y\u00fczmenin ve g\u00fcne\u015flenmenin tad\u0131n\u0131 \u00e7\u0131karmak isteyen misafirler, Miramor Garden Resort\u2019in 250 m uzakl\u0131kta yer alan \u00f6zel plaj\u0131na gidebilir. Dileyen misafirler tesiste bulunan a\u00e7\u0131k havuzda y\u00fczmeyi tercih edebilir. Tesisteki a\u00e7\u0131k havuzda su kayd\u0131raklar\u0131 da bulunuyor. Misafirler burada e\u011flenceli bir g\u00fcn ge\u00e7irebiliyor..<\/p>\t\t\t\t\t\t\t\t<\/div>\n\t\t\t\t\t\t\t<\/div>\n\t\t\t\t\t\t<\/div>\n\t\t\t\t\t<\/div>\n\t\t\t\t<\/div>\n\t\t\t<\/div>\n\t\t<\/div>\n\t\t<\/div>\n\t\t\t\t<\/div>\n\t\t\t\t\t<\/div>\n\t\t<\/div>\n\t\t\t\t\t<\/div>\n\t\t<\/section>\n\t\t<div class=\"elementor-element elementor-element-e683252 e-flex e-con-boxed e-con e-parent\" data-id=\"e683252\" data-element_type=\"container\">\n\t\t\t\t\t<div class=\"e-con-inner\">\n\t\t\t\t<div class=\"elementor-element elementor-element-8b8ae2e elementor-widget elementor-widget-wpo-parador_feature\" data-id=\"8b8ae2e\" data-element_type=\"widget\" data-widget_type=\"wpo-parador_feature.default\">\n\t\t\t\t<div class=\"elementor-widget-container\">\n\t\t\t\t\t<div class=\"wpo-service-area\">\n\t\t\t<div class=\"wpo-service-wrap\">\n\t\t\t\t<div class=\"container\">\n\t\t\t\t\t<div class=\"row align-items-center\">\n\t\t\t\t\t\t<div class=\"col-xl-4 col-lg-8 col-12\">\n\t\t\t\t\t\t\t<div class=\"wpo-service-content\">\n\t\t\t\t\t\t\t\t<h2>Ultra Her\u015fey Dahil<\/h2>\t\t\t\t\t\t\t<\/div>\n\t\t\t\t\t\t<\/div>\n\t\t\t\t\t\t<div class=\"col-xl-8 col-12\">\n\t\t\t\t\t\t\t<div class=\"wpo-service-items\">\n\t\t\t\t\t\t\t\t\t\t\t\t\t\t\t\t\t\t<div class=\"wpo-service-item\">\n\t\t\t\t\t\t\t\t\t\t\t<i class=\"fi flaticon-food-tray\"><\/i><h2>Her\u015fey Dahil<\/h2>\t\t\t\t\t\t\t\t\t\t<\/div>\n\t\t\t\t\t\t\t\t\t\t\t\t\t\t\t\t\t\t<div class=\"wpo-service-item\">\n\t\t\t\t\t\t\t\t\t\t\t<i class=\"fi flaticon-expand-arrows\"><\/i><h2>Kolay Ula\u015f\u0131m<\/h2>\t\t\t\t\t\t\t\t\t\t<\/div>\n\t\t\t\t\t\t\t\t\t\t\t\t\t\t\t\t\t\t<div class=\"wpo-service-item\">\n\t\t\t\t\t\t\t\t\t\t\t<i class=\"fi flaticon-swimmer\"><\/i><h2>Y\u00fczme Havuzlar\u0131<\/h2>\t\t\t\t\t\t\t\t\t\t<\/div>\n\t\t\t\t\t\t\t\t\t\t\t\t\t\t\t\t\t\t<div class=\"wpo-service-item\">\n\t\t\t\t\t\t\t\t\t\t\t<i class=\"fi flaticon-mortar\"><\/i><h2>Spa &amp; Wellnes<\/h2>\t\t\t\t\t\t\t\t\t\t<\/div>\n\t\t\t\t\t\t\t\t\t\t\t\t\t\t\t\t\t\t<div class=\"wpo-service-item\">\n\t\t\t\t\t\t\t\t\t\t\t<i class=\"fi flaticon-swimmer\"><\/i><h2>Enfes Plaj<\/h2>\t\t\t\t\t\t\t\t\t\t<\/div>\n\t\t\t\t\t\t\t\t\t\t\t\t\t\t\t\t\t\t<div class=\"wpo-service-item\">\n\t\t\t\t\t\t\t\t\t\t\t<i class=\"fi flaticon-wifi\"><\/i><h2>Wi-Fi<\/h2>\t\t\t\t\t\t\t\t\t\t<\/div>\n\t\t\t\t\t\t\t\t\t\t\t\t\t\t\t\t\t\t<div class=\"wpo-service-item\">\n\t\t\t\t\t\t\t\t\t\t\t<i class=\"fi flaticon-cappuccino\"><\/i><h2>Cafe &amp; Bar<\/h2>\t\t\t\t\t\t\t\t\t\t<\/div>\n\t\t\t\t\t\t\t\t\t\t\t\t\t\t\t\t\t\t<div class=\"wpo-service-item\">\n\t\t\t\t\t\t\t\t\t\t\t<i class=\"fi flaticon-more\"><\/i><h2>Animasyonlar<\/h2>\t\t\t\t\t\t\t\t\t\t<\/div>\n\t\t\t\t\t\t\t\t\t\t\t\t\t\t\t<\/div>\n\t\t\t\t\t\t<\/div>\n\t\t\t\t\t<\/div>\n\t\t\t\t<\/div>\n\t\t\t<\/div>\n\t\t<\/div>\n\t\t<\/div>\n\t\t\t\t<\/div>\n\t\t\t\t\t<\/div>\n\t\t\t\t<\/div>\n\t\t<div class=\"elementor-element elementor-element-22ed54a e-flex e-con-boxed e-con e-parent\" data-id=\"22ed54a\" data-element_type=\"container\">\n\t\t\t\t\t<div class=\"e-con-inner\">\n\t\t\t\t<div class=\"elementor-element elementor-element-5dc3c0f elementor-headline--style-highlight elementor-widget elementor-widget-animated-headline\" data-id=\"5dc3c0f\" data-element_type=\"widget\" data-settings=\"{&quot;highlighted_text&quot;:&quot;Evinizide hissedeceksiniz&quot;,&quot;headline_style&quot;:&quot;highlight&quot;,&quot;marker&quot;:&quot;circle&quot;,&quot;loop&quot;:&quot;yes&quot;,&quot;highlight_animation_duration&quot;:1200,&quot;highlight_iteration_delay&quot;:8000}\" data-widget_type=\"animated-headline.default\">\n\t\t\t\t<div class=\"elementor-widget-container\">\n\t\t\t\t\t<h3 class=\"elementor-headline\">\n\t\t\t\t\t<span class=\"elementor-headline-plain-text elementor-headline-text-wrapper\">Odalar\u0131m\u0131zda<\/span>\n\t\t\t\t<span class=\"elementor-headline-dynamic-wrapper elementor-headline-text-wrapper\">\n\t\t\t\t\t<span class=\"elementor-headline-dynamic-text elementor-headline-text-active\">Evinizide hissedeceksiniz<\/span>\n\t\t\t\t<\/span>\n\t\t\t\t<\/h3>\n\t\t\t\t<\/div>\n\t\t\t\t<\/div>\n\t\t\t\t\t<\/div>\n\t\t\t\t<\/div>\n\t\t\t\t<section class=\"elementor-section elementor-top-section elementor-element elementor-element-ca37fc1 elementor-section-boxed elementor-section-height-default elementor-section-height-default\" data-id=\"ca37fc1\" data-element_type=\"section\">\n\t\t\t\t\t\t<div class=\"elementor-container elementor-column-gap-no\">\n\t\t\t\t\t<div class=\"elementor-column elementor-col-100 elementor-top-column elementor-element elementor-element-e8715bc\" data-id=\"e8715bc\" data-element_type=\"column\">\n\t\t\t<div class=\"elementor-widget-wrap\">\n\t\t\t\t\t\t\t<\/div>\n\t\t<\/div>\n\t\t\t\t\t<\/div>\n\t\t<\/section>\n\t\t<div class=\"elementor-element elementor-element-5953e7c e-flex e-con-boxed e-con e-parent\" data-id=\"5953e7c\" data-element_type=\"container\">\n\t\t\t\t\t<div class=\"e-con-inner\">\n\t\t\t\t\t<\/div>\n\t\t\t\t<\/div>\n\t\t\t\t<section class=\"elementor-section elementor-top-section elementor-element elementor-element-3a8a13f elementor-section-full_width elementor-section-height-default elementor-section-height-default\" data-id=\"3a8a13f\" data-element_type=\"section\" data-settings=\"{&quot;background_background&quot;:&quot;slideshow&quot;,&quot;background_slideshow_gallery&quot;:[{&quot;id&quot;:2351,&quot;url&quot;:&quot;https:\\\/\\\/miramorgardenresort.com\\\/wp-content\\\/uploads\\\/2024\\\/11\\\/12603_Miramor_Garden_Resort_104606-Kopyala.webp&quot;},{&quot;id&quot;:2358,&quot;url&quot;:&quot;https:\\\/\\\/miramorgardenresort.com\\\/wp-content\\\/uploads\\\/2024\\\/11\\\/12603_Miramor_Garden_Resort_104619-Kopyala.webp&quot;}],&quot;background_slideshow_loop&quot;:&quot;yes&quot;,&quot;background_slideshow_slide_duration&quot;:5000,&quot;background_slideshow_slide_transition&quot;:&quot;fade&quot;,&quot;background_slideshow_transition_duration&quot;:500}\">\n\t\t\t\t\t\t<div class=\"elementor-container elementor-column-gap-no\">\n\t\t\t\t\t<div class=\"elementor-column elementor-col-100 elementor-top-column elementor-element elementor-element-5b57497\" data-id=\"5b57497\" data-element_type=\"column\" data-settings=\"{&quot;background_background&quot;:&quot;slideshow&quot;,&quot;background_slideshow_gallery&quot;:[{&quot;id&quot;:1912,&quot;url&quot;:&quot;https:\\\/\\\/miramorgardenresort.com\\\/wp-content\\\/uploads\\\/2024\\\/10\\\/431086146.jpg&quot;},{&quot;id&quot;:1756,&quot;url&quot;:&quot;https:\\\/\\\/miramorgardenresort.com\\\/wp-content\\\/uploads\\\/2024\\\/10\\\/MiramorHotel-118-Kopyala.webp&quot;},{&quot;id&quot;:1755,&quot;url&quot;:&quot;https:\\\/\\\/miramorgardenresort.com\\\/wp-content\\\/uploads\\\/2024\\\/10\\\/MiramorHotel-1-Kopyala.webp&quot;}],&quot;background_slideshow_loop&quot;:&quot;yes&quot;,&quot;background_slideshow_slide_duration&quot;:5000,&quot;background_slideshow_slide_transition&quot;:&quot;fade&quot;,&quot;background_slideshow_transition_duration&quot;:500}\">\n\t\t\t<div class=\"elementor-widget-wrap elementor-element-populated\">\n\t\t\t\t\t\t<div class=\"elementor-element elementor-element-d8b013c elementor-widget elementor-widget-wpo-parador_about\" data-id=\"d8b013c\" data-element_type=\"widget\" data-widget_type=\"wpo-parador_about.default\">\n\t\t\t\t<div class=\"elementor-widget-container\">\n\t\t\t\t\t<div class=\"parador-about wpo-about-section-s2\">\n\t\t\t<div class=\" container-fluid\">\n\t\t\t\t<div class=\"wpo-about-section-wrapper\">\n\t\t\t\t\t<div class=\"row align-items-center\">\n\t\t\t\t\t\t\t\t\t\t\t\t<div class=\" col-xl-5 col-lg-6 col-md-8 col-12 offset-xl-6 offset-lg-4 offset-md-2\">\n\t\t\t\t\t\t\t<div class=\"wpo-about-content\">\n\t\t\t\t\t\t\t\t<div class=\"about-title\">\n\t\t\t\t\t\t\t\t\t<span>ERKEN REZERVASYON<\/span><h2>F\u0131rsatlardan yararlanmak i\u00e7in ge\u00e7 kalmay\u0131n.<\/h2>\t\t\t\t\t\t\t\t<\/div>\n\t\t\t\t\t\t\t\t<div class=\"wpo-about-content-inner\">\n\t\t\t\t\t\t\t\t\t\t\t\t\t\t\t\t\t\t\t<div class=\"about-info-wrap\">\n\t\t\t\t\t\t\t\t\t\t\t<div class=\"about-info-left\">\n\t\t\t\t\t\t\t\t\t\t\t\t\t\t\t\t\t\t\t\t\t\t\t\t<ul>\n\t\t\t\t\t\t\t\t\t\t\t\t\t\t\t\t\t\t\t\t\t\t\t\t\t\t\t<li><i class=\"fa fa-star\" aria-hidden=\"true\"><\/i><\/li>\n\t\t\t\t\t\t\t\t\t\t\t\t\t\t<li><i class=\"fa fa-star\" aria-hidden=\"true\"><\/i><\/li>\n\t\t\t\t\t\t\t\t\t\t\t\t\t\t<li><i class=\"fa fa-star\" aria-hidden=\"true\"><\/i><\/li>\n\t\t\t\t\t\t\t\t\t\t\t\t\t\t<li><i class=\"fa fa-star\" aria-hidden=\"true\"><\/i><\/li>\n\t\t\t\t\t\t\t\t\t\t\t\t\t\t<li><i class=\"fa fa-star\" aria-hidden=\"true\"><\/i><\/li>\n\t\t\t\t\t\t\t\t\t\t\t\t\t\t\t\t\t\t\t\t\t\t\t\t\t<\/ul>\n\t\t\t\t\t\t\t\t\t\t\t<\/div>\n\t\t\t\t\t\t\t\t\t\t\t<div class=\"about-info-right\">\n\t\t\t\t\t\t\t\t\t\t\t\t\t\t\t\t\t\t\t\t\t\t\t<\/div>\n\t\t\t\t\t\t\t\t\t\t\t<a href=\"https:\/\/miramorgardenresort.com\/?page_id=1428\"   class=\"theme-btn\" >Oda Ay\u0131rt <\/a>\t\t\t\t\t\t\t\t\t\t<\/div>\n\t\t\t\t\t\t\t\t\t\t\t\t\t\t\t\t\t<\/div>\n\t\t\t\t\t\t\t<\/div>\n\t\t\t\t\t\t<\/div>\n\t\t\t\t\t<\/div>\n\t\t\t\t<\/div>\n\t\t\t<\/div>\n\t\t<\/div>\n\t\t<\/div>\n\t\t\t\t<\/div>\n\t\t\t\t\t<\/div>\n\t\t<\/div>\n\t\t\t\t\t<\/div>\n\t\t<\/section>\n\t\t\t\t<section class=\"elementor-section elementor-top-section elementor-element elementor-element-e46e843 elementor-section-full_width elementor-section-height-default elementor-section-height-default\" data-id=\"e46e843\" data-element_type=\"section\">\n\t\t\t\t\t\t<div class=\"elementor-container elementor-column-gap-no\">\n\t\t\t\t\t<div class=\"elementor-column elementor-col-100 elementor-top-column elementor-element elementor-element-823119f\" data-id=\"823119f\" data-element_type=\"column\">\n\t\t\t<div class=\"elementor-widget-wrap elementor-element-populated\">\n\t\t\t\t\t\t<div class=\"elementor-element elementor-element-fd851f3 elementor-widget elementor-widget-wpo-parador_testimonial\" data-id=\"fd851f3\" data-element_type=\"widget\" data-widget_type=\"wpo-parador_testimonial.default\">\n\t\t\t\t<div class=\"elementor-widget-container\">\n\t\t\t\t\t<div class=\"wpo-testimonial-area\">\n\t\t\t<div class=\"container\">\n\t\t\t\t<div class=\"wpo-testimonial-wrap\">\n\t\t\t\t\t<div class=\"testimonial-slider owl-carousel\">\n\t\t\t\t\t\t\t\t\t\t\t\t\t\t<div class=\"wpo-testimonial-item\">\n\t\t\t\t\t\t\t\t\t<div class=\"wpo-testimonial-img\">\n\t\t\t\t\t\t\t\t\t\t<img decoding=\"async\" src=\"https:\/\/miramorgardenresort.com\/wp-content\/uploads\/2021\/12\/testi-1.jpg\" alt=\"\">\t\t\t\t\t\t\t\t\t<\/div>\n\t\t\t\t\t\t\t\t\t<div class=\"wpo-testimonial-content\">\n\t\t\t\t\t\t\t\t\t\t<p>Ailemle birlikte harika bir tatil ge\u00e7irdik. Konumu denizi havuzu muhte\u015femdi. Gelecek y\u0131l yine gelece\u011fiz.<\/p><h2>Elisabeth Marvel<\/h2><span>Photographer<\/span>\t\t\t\t\t\t\t\t\t<\/div>\n\t\t\t\t\t\t\t\t<\/div>\n\t\t\t\t\t\t\t\t\t\t\t\t\t\t<div class=\"wpo-testimonial-item\">\n\t\t\t\t\t\t\t\t\t<div class=\"wpo-testimonial-img\">\n\t\t\t\t\t\t\t\t\t\t<img decoding=\"async\" src=\"https:\/\/miramorgardenresort.com\/wp-content\/uploads\/2021\/12\/service-6.jpg\" alt=\"\">\t\t\t\t\t\t\t\t\t<\/div>\n\t\t\t\t\t\t\t\t\t<div class=\"wpo-testimonial-content\">\n\t\t\t\t\t\t\t\t\t\t<p>Otel tek kelime ile harika. \u00c7ocuklar havuzdan \u00e7\u0131kmak istemediler bizde denizine bay\u0131ld\u0131k.<\/p><h2>William Robert<\/h2><span>Ev Han\u0131m\u0131<\/span>\t\t\t\t\t\t\t\t\t<\/div>\n\t\t\t\t\t\t\t\t<\/div>\n\t\t\t\t\t\t\t\t\t\t\t<\/div>\n\t\t\t\t<\/div>\n\t\t\t<\/div>\n\t\t<\/div>\n\t\t<\/div>\n\t\t\t\t<\/div>\n\t\t\t\t\t<\/div>\n\t\t<\/div>\n\t\t\t\t\t<\/div>\n\t\t<\/section>\n\t\t\t\t<section class=\"elementor-section elementor-top-section elementor-element elementor-element-f667adc elementor-section-full_width elementor-section-height-default elementor-section-height-default\" data-id=\"f667adc\" data-element_type=\"section\" data-settings=\"{&quot;background_background&quot;:&quot;classic&quot;}\">\n\t\t\t\t\t\t\t<div class=\"elementor-background-overlay\"><\/div>\n\t\t\t\t\t\t\t<div class=\"elementor-container elementor-column-gap-no\">\n\t\t\t\t\t<div class=\"elementor-column elementor-col-100 elementor-top-column elementor-element elementor-element-518baf7\" data-id=\"518baf7\" data-element_type=\"column\">\n\t\t\t<div class=\"elementor-widget-wrap elementor-element-populated\">\n\t\t\t\t\t\t<div class=\"elementor-element elementor-element-d0ff674 elementor-widget elementor-widget-shortcode\" data-id=\"d0ff674\" data-element_type=\"widget\" data-widget_type=\"shortcode.default\">\n\t\t\t\t<div class=\"elementor-widget-container\">\n\t\t\t\t\t<div class=\"elementor-shortcode\"><script>(function() {\n\twindow.mc4wp = window.mc4wp || {\n\t\tlisteners: [],\n\t\tforms: {\n\t\t\ton: function(evt, cb) {\n\t\t\t\twindow.mc4wp.listeners.push(\n\t\t\t\t\t{\n\t\t\t\t\t\tevent   : evt,\n\t\t\t\t\t\tcallback: cb\n\t\t\t\t\t}\n\t\t\t\t);\n\t\t\t}\n\t\t}\n\t}\n})();\n<\/script><!-- Mailchimp for WordPress v4.9.19 - https:\/\/wordpress.org\/plugins\/mailchimp-for-wp\/ --><form id=\"mc4wp-form-1\" class=\"mc4wp-form mc4wp-form-280\" method=\"post\" data-id=\"280\" data-name=\"subscribe-form\" ><div class=\"mc4wp-form-fields\"><div class=\"wpo-newslatter-section\">\r\n    <div class=\"container\">\r\n        <div class=\"row justify-content-center\">\r\n            <div class=\"col-xl-7\">\r\n                <div class=\"wpo-section-title-s2\">\r\n                    <h2>F\u0131rsatlardan Haberdar olun<\/h2>\r\n                    <p>Erken rezervasyon f\u0131rsatlar\u0131ndan yararlanmak i\u00e7in kaydolun.<\/p>\r\n                <\/div>\r\n            <\/div>\r\n        <\/div>\r\n        <div class=\"wpo-newsletter\">\r\n            <div class=\"newsletter-form\">\r\n                <input type=\"email\" class=\"form-control\"  name=\"EMAIL\" placeholder=\"Mail Adresiniz...\" required \/>\r\n                <button type=\"submit\">Kaydol<\/button>\r\n            <\/div>\r\n        <\/div>\r\n    <\/div> <!-- end container -->\r\n<\/div><\/div><label style=\"display: none !important;\">Leave this field empty if you're human: <input type=\"text\" name=\"_mc4wp_honeypot\" value=\"\" tabindex=\"-1\" autocomplete=\"off\" \/><\/label><input type=\"hidden\" name=\"_mc4wp_timestamp\" value=\"1776687124\" \/><input type=\"hidden\" name=\"_mc4wp_form_id\" value=\"280\" \/><input type=\"hidden\" name=\"_mc4wp_form_element_id\" value=\"mc4wp-form-1\" \/><div class=\"mc4wp-response\"><\/div><\/form><!-- \/ Mailchimp for WordPress Plugin --><\/div>\n\t\t\t\t<\/div>\n\t\t\t\t<\/div>\n\t\t\t\t\t<\/div>\n\t\t<\/div>\n\t\t\t\t\t<\/div>\n\t\t<\/section>\n\t\t\t\t<\/div>\n\t\t","protected":false},"excerpt":{"rendered":"Miramor Garden ResortKemer &#8211; Antalya \/ T\u00dcRK\u0130YEMiramor Garden ResortKemer &#8211; Antalya \/ T\u00dcRK\u0130YEMiramor Garden ResortKemer &#8211; Antalya \/ T\u00dcRK\u0130YE G\u00fczel bir tatil i\u00e7in &#8230; Yemye\u015fil do\u011fa ile i\u00e7 i\u00e7e bir atmosferde yer alan ve huzurlu bir tatilin kap\u0131lar\u0131n\u0131 aralayan Miramor Garden Resort Hotel, Antalya\u2019n\u0131n en pop\u00fcler ve e\u011flenceli tatil merkezlerinden Kemer\u2019in Kiri\u015f mevkiinde misafirlerini a\u011f\u0131rl\u0131yor. ","protected":false},"author":1,"featured_media":0,"parent":0,"menu_order":0,"comment_status":"closed","ping_status":"closed","template":"elementor_header_footer","meta":{"footnotes":""},"class_list":["post-1424","page","type-page","status-publish","hentry"],"_links":{"self":[{"href":"https:\/\/miramorgardenresort.com\/index.php?rest_route=\/wp\/v2\/pages\/1424","targetHints":{"allow":["GET"]}}],"collection":[{"href":"https:\/\/miramorgardenresort.com\/index.php?rest_route=\/wp\/v2\/pages"}],"about":[{"href":"https:\/\/miramorgardenresort.com\/index.php?rest_route=\/wp\/v2\/types\/page"}],"author":[{"embeddable":true,"href":"https:\/\/miramorgardenresort.com\/index.php?rest_route=\/wp\/v2\/users\/1"}],"replies":[{"embeddable":true,"href":"https:\/\/miramorgardenresort.com\/index.php?rest_route=%2Fwp%2Fv2%2Fcomments&post=1424"}],"version-history":[{"count":204,"href":"https:\/\/miramorgardenresort.com\/index.php?rest_route=\/wp\/v2\/pages\/1424\/revisions"}],"predecessor-version":[{"id":2876,"href":"https:\/\/miramorgardenresort.com\/index.php?rest_route=\/wp\/v2\/pages\/1424\/revisions\/2876"}],"wp:attachment":[{"href":"https:\/\/miramorgardenresort.com\/index.php?rest_route=%2Fwp%2Fv2%2Fmedia&parent=1424"}],"curies":[{"name":"wp","href":"https:\/\/api.w.org\/{rel}","templated":true}]}}