{"id":1426,"date":"2021-12-18T12:43:00","date_gmt":"2021-12-18T12:43:00","guid":{"rendered":"https:\/\/wpolive.com\/parador\/?page_id=17"},"modified":"2024-11-08T12:10:32","modified_gmt":"2024-11-08T09:10:32","slug":"about","status":"publish","type":"page","link":"https:\/\/miramorgardenresort.com\/?page_id=1426","title":{"rendered":"About"},"content":{"rendered":"\t\t<div data-elementor-type=\"wp-page\" data-elementor-id=\"1426\" class=\"elementor elementor-1426\" data-elementor-post-type=\"page\">\n\t\t\t\t\t\t<section class=\"elementor-section elementor-top-section elementor-element elementor-element-fef115e elementor-section-full_width elementor-section-height-default elementor-section-height-default\" data-id=\"fef115e\" data-element_type=\"section\">\n\t\t\t\t\t\t<div class=\"elementor-container elementor-column-gap-no\">\n\t\t\t\t\t<div class=\"elementor-column elementor-col-100 elementor-top-column elementor-element elementor-element-b40edfc\" data-id=\"b40edfc\" data-element_type=\"column\">\n\t\t\t<div class=\"elementor-widget-wrap elementor-element-populated\">\n\t\t\t\t\t\t<div class=\"elementor-element elementor-element-e259b55 elementor-widget elementor-widget-wpo-parador_about\" data-id=\"e259b55\" data-element_type=\"widget\" data-settings=\"{&quot;about_image&quot;:{&quot;url&quot;:&quot;https:\\\/\\\/miramorgardenresort.com\\\/wp-content\\\/uploads\\\/2024\\\/11\\\/12603_Miramor_Garden_Resort_104606-Kopyala.webp&quot;,&quot;id&quot;:2351,&quot;size&quot;:&quot;&quot;,&quot;alt&quot;:&quot;&quot;,&quot;source&quot;:&quot;library&quot;}}\" data-widget_type=\"wpo-parador_about.default\">\n\t\t\t\t<div class=\"elementor-widget-container\">\n\t\t\t\t\t<div class=\"parador-about wpo-about-section\">\n\t\t\t<div class=\" container\">\n\t\t\t\t<div class=\"wpo-about-section-wrapper\">\n\t\t\t\t\t<div class=\"row align-items-center\">\n\t\t\t\t\t\t\t\t\t\t\t\t\t<div class=\"col-lg-6 col-md-12 col-12\">\n\t\t\t\t\t\t\t\t<div class=\"wpo-about-img\">\n\t\t\t\t\t\t\t\t\t<img decoding=\"async\" src=\"https:\/\/miramorgardenresort.com\/wp-content\/uploads\/2024\/11\/12603_Miramor_Garden_Resort_104606-Kopyala.webp\" alt=\"\">\t\t\t\t\t\t\t\t<\/div>\n\t\t\t\t\t\t\t<\/div>\n\t\t\t\t\t\t\t\t\t\t\t\t<div class=\" col-lg-6 col-md-12 col-12\">\n\t\t\t\t\t\t\t<div class=\"wpo-about-content\">\n\t\t\t\t\t\t\t\t<div class=\"about-title\">\n\t\t\t\t\t\t\t\t\t<span>Miramor Garden Resort <\/span><h2>Hayalinizdeki Tatilin Tad\u0131n\u0131 \u00c7\u0131kar\u0131n<\/h2>\t\t\t\t\t\t\t\t<\/div>\n\t\t\t\t\t\t\t\t<div class=\"wpo-about-content-inner\">\n\t\t\t\t\t\t\t\t\t<p>Miramor Garden Resort , do\u011fan\u0131n kalbinde k\u0131skan\u0131lacak bir konuma sahiptir. Antalya K\u00f6rfezi\u2019ndeki Kemer-Kiri\u015f\u2019de yer alan tesis, masmavi Akdeniz\u2019in muhte\u015fem manzaras\u0131n\u0131 sunan muhte\u015fem \u00f6zel plaj\u0131na 250-300 m mesafede yer almaktad\u0131r. Olimpos Da\u011flar\u0131\u2019na ev sahipli\u011fi yapan Olimpos Milli Park\u0131\u2019n\u0131n kenar\u0131nda <strong>Ultra Her\u015fey Dahil<\/strong>\u00a0hizmet sunan tesis, Toros Da\u011flar\u0131\u2019na da bakmaktad\u0131r. Sunulan kapsaml\u0131 e\u011flence; tesisine ilham veren bu \u00e7arp\u0131c\u0131 arka pland\u0131r.<\/p><p>Miramor Hotel&amp;Spa, 2 a\u00e7\u0131k y\u00fczme havuzu 1 kapal\u0131 havuz,2 \u00e7ocuk havuzu,1 su kayd\u0131ra\u011f\u0131,Pastane(Cafe de Padre),Gece Kl\u00fcb\u00fc, spor salonu,7 farkl\u0131 barlar\u0131,A\u2019la Carte Restaurant,Her g\u00fcn farkl\u0131 animasyon e\u011flence ve programlar ve Miramor Hotel minik misafirleri i\u00e7in Miramor Kids Club, kat\u0131labilecekleri aktivitelerden sadece birka\u00e7\u0131.<\/p><p>Tarihi, k\u00fclt\u00fcrel ve do\u011fal g\u00fczelliklerin merkezinde yer alan Miramor Hotel&amp;Spa, misafirlerinin bu g\u00fczellikleri uzaklara gitmeye gerek kalmadan ya\u015famas\u0131n\u0131 sa\u011fl\u0131yor. Otantik T\u00fcrk misafirperverli\u011fi, birinci s\u0131n\u0131f bir e\u011flence program\u0131 ve lezzet yolculu\u011fu, bu zahmetsizce l\u00fcks tesisi yaratmak i\u00e7in bir araya geliyor.<\/p>\t\t\t\t\t\t\t\t\t\t<div class=\"about-info-wrap\">\n\t\t\t\t\t\t\t\t\t\t\t<div class=\"about-info-left\">\n\t\t\t\t\t\t\t\t\t\t\t\t<p>M\u00fc\u015fteri Memnuniyeti :<\/p>\t\t\t\t\t\t\t\t\t\t\t\t<ul>\n\t\t\t\t\t\t\t\t\t\t\t\t\t\t\t\t\t\t\t\t\t\t\t\t\t\t\t<li><i class=\"fa fa-star\" aria-hidden=\"true\"><\/i><\/li>\n\t\t\t\t\t\t\t\t\t\t\t\t\t\t<li><i class=\"fa fa-star\" aria-hidden=\"true\"><\/i><\/li>\n\t\t\t\t\t\t\t\t\t\t\t\t\t\t<li><i class=\"fa fa-star\" aria-hidden=\"true\"><\/i><\/li>\n\t\t\t\t\t\t\t\t\t\t\t\t\t\t<li><i class=\"fa fa-star\" aria-hidden=\"true\"><\/i><\/li>\n\t\t\t\t\t\t\t\t\t\t\t\t\t\t<li><i class=\"fa fa-star\" aria-hidden=\"true\"><\/i><\/li>\n\t\t\t\t\t\t\t\t\t\t\t\t\t\t\t\t\t\t\t\t\t\t\t\t\t<\/ul>\n\t\t\t\t\t\t\t\t\t\t\t<\/div>\n\t\t\t\t\t\t\t\t\t\t\t<div class=\"about-info-right\">\n\t\t\t\t\t\t\t\t\t\t\t\t\t\t\t\t\t\t\t\t\t\t\t<\/div>\n\t\t\t\t\t\t\t\t\t\t\t\t\t\t\t\t\t\t\t\t\t<\/div>\n\t\t\t\t\t\t\t\t\t\t\t\t\t\t\t\t\t<\/div>\n\t\t\t\t\t\t\t<\/div>\n\t\t\t\t\t\t<\/div>\n\t\t\t\t\t<\/div>\n\t\t\t\t<\/div>\n\t\t\t<\/div>\n\t\t<\/div>\n\t\t<\/div>\n\t\t\t\t<\/div>\n\t\t\t\t\t<\/div>\n\t\t<\/div>\n\t\t\t\t\t<\/div>\n\t\t<\/section>\n\t\t\t\t<\/div>\n\t\t","protected":false},"excerpt":{"rendered":"Miramor Garden Resort Hayalinizdeki Tatilin Tad\u0131n\u0131 \u00c7\u0131kar\u0131n Miramor Garden Resort , do\u011fan\u0131n kalbinde k\u0131skan\u0131lacak bir konuma sahiptir. Antalya K\u00f6rfezi\u2019ndeki Kemer-Kiri\u015f\u2019de yer alan tesis, masmavi Akdeniz\u2019in muhte\u015fem manzaras\u0131n\u0131 sunan muhte\u015fem \u00f6zel plaj\u0131na 250-300 m mesafede yer almaktad\u0131r. Olimpos Da\u011flar\u0131\u2019na ev sahipli\u011fi yapan Olimpos Milli Park\u0131\u2019n\u0131n kenar\u0131nda Ultra Her\u015fey Dahil\u00a0hizmet sunan tesis, Toros Da\u011flar\u0131\u2019na da bakmaktad\u0131r. Sunulan ","protected":false},"author":1,"featured_media":0,"parent":0,"menu_order":0,"comment_status":"closed","ping_status":"closed","template":"","meta":{"footnotes":""},"class_list":["post-1426","page","type-page","status-publish","hentry"],"_links":{"self":[{"href":"https:\/\/miramorgardenresort.com\/index.php?rest_route=\/wp\/v2\/pages\/1426","targetHints":{"allow":["GET"]}}],"collection":[{"href":"https:\/\/miramorgardenresort.com\/index.php?rest_route=\/wp\/v2\/pages"}],"about":[{"href":"https:\/\/miramorgardenresort.com\/index.php?rest_route=\/wp\/v2\/types\/page"}],"author":[{"embeddable":true,"href":"https:\/\/miramorgardenresort.com\/index.php?rest_route=\/wp\/v2\/users\/1"}],"replies":[{"embeddable":true,"href":"https:\/\/miramorgardenresort.com\/index.php?rest_route=%2Fwp%2Fv2%2Fcomments&post=1426"}],"version-history":[{"count":15,"href":"https:\/\/miramorgardenresort.com\/index.php?rest_route=\/wp\/v2\/pages\/1426\/revisions"}],"predecessor-version":[{"id":2672,"href":"https:\/\/miramorgardenresort.com\/index.php?rest_route=\/wp\/v2\/pages\/1426\/revisions\/2672"}],"wp:attachment":[{"href":"https:\/\/miramorgardenresort.com\/index.php?rest_route=%2Fwp%2Fv2%2Fmedia&parent=1426"}],"curies":[{"name":"wp","href":"https:\/\/api.w.org\/{rel}","templated":true}]}}