{"id":1428,"date":"2021-12-18T12:44:30","date_gmt":"2021-12-18T12:44:30","guid":{"rendered":"https:\/\/wpolive.com\/parador\/?page_id=21"},"modified":"2026-03-30T19:48:33","modified_gmt":"2026-03-30T16:48:33","slug":"room","status":"publish","type":"page","link":"https:\/\/miramorgardenresort.com\/?page_id=1428","title":{"rendered":"Room"},"content":{"rendered":"\t\t<div data-elementor-type=\"wp-page\" data-elementor-id=\"1428\" class=\"elementor elementor-1428\" data-elementor-post-type=\"page\">\n\t\t\t\t\t\t<section class=\"elementor-section elementor-top-section elementor-element elementor-element-88e0bfe elementor-section-full_width elementor-section-height-default elementor-section-height-default\" data-id=\"88e0bfe\" data-element_type=\"section\">\n\t\t\t\t\t\t<div class=\"elementor-container elementor-column-gap-no\">\n\t\t\t\t\t<div class=\"elementor-column elementor-col-100 elementor-top-column elementor-element elementor-element-424f8f0\" data-id=\"424f8f0\" data-element_type=\"column\">\n\t\t\t<div class=\"elementor-widget-wrap\">\n\t\t\t\t\t\t\t<\/div>\n\t\t<\/div>\n\t\t\t\t\t<\/div>\n\t\t<\/section>\n\t\t<div class=\"elementor-element elementor-element-58bb9cc e-grid e-con-boxed e-con e-parent\" data-id=\"58bb9cc\" data-element_type=\"container\">\n\t\t\t\t\t<div class=\"e-con-inner\">\n\t\t\t\t<div class=\"elementor-element elementor-element-2274438 elementor-widget elementor-widget-wpo-parador_room\" data-id=\"2274438\" data-element_type=\"widget\" data-widget_type=\"wpo-parador_room.default\">\n\t\t\t\t<div class=\"elementor-widget-container\">\n\t\t\t\t\t\t<div class=\"wpo-room-area\">\n\t\t\t\t<div class=\"container\">\n\t\t\t\t\t<div class=\"room-wrap\">\n\t\t\t\t\t\t<div class=\"row\">\t\t\t\t\t\t\t<div class=\"col-lg-4 col-md-6 col-12\">\n\t\t\t\t\t\t\t\t<div class=\"room-item\">\n\t\t\t\t\t\t\t\t\t<div class=\"room-img\">\n\t\t\t\t\t\t\t\t\t\t\t\t\t\t\t\t\t\t\t<\/div>\n\t\t\t\t\t\t\t\t\t<div class=\"room-content\">\n\t\t\t\t\t\t\t\t\t\t<h2>\n\t\t\t\t\t\t\t\t\t\t\t<a href=\"https:\/\/miramorgardenresort.com\/?p=129\">\n\t\t\t\t\t\t\t\t\t\t\t\tEkonomik \u00c7ift Ki\u015filik Oda\t\t\t\t\t\t\t\t\t\t\t<\/a>\n\t\t\t\t\t\t\t\t\t\t<\/h2>\n\t\t\t\t\t\t\t\t\t\t<ul>\n\t\t\t\t\t\t\t\t\t\t\t<li><i class=\"flaticon-expand-arrows\"><\/i>26 m2<\/li><li><i class=\"flaticon-bed\"><\/i>1 B\u00fcy\u00fck 2 A\u00e7\u0131l\u0131r<\/li><li><i class=\"flaticon-bathtub\"><\/i>Du\u015f + Banyo<\/li>\t\t\t\t\t\t\t\t\t\t<\/ul>\n\t\t\t\t\t\t\t\t\t\t<h3><span> \/ Night<\/span><\/h3>\n\t\t\t\t\t\t\t\t\t<\/div>\n\t\t\t\t\t\t\t\t<\/div>\n\t\t\t\t\t\t\t<\/div>\n\t\t\t\t\t\t\t\t\t\t\t\t\t<div class=\"col-lg-4 col-md-6 col-12\">\n\t\t\t\t\t\t\t\t<div class=\"room-item\">\n\t\t\t\t\t\t\t\t\t<div class=\"room-img\">\n\t\t\t\t\t\t\t\t\t\t\t\t\t\t\t\t\t\t\t<\/div>\n\t\t\t\t\t\t\t\t\t<div class=\"room-content\">\n\t\t\t\t\t\t\t\t\t\t<h2>\n\t\t\t\t\t\t\t\t\t\t\t<a href=\"https:\/\/miramorgardenresort.com\/?p=127\">\n\t\t\t\t\t\t\t\t\t\t\t\tLuxury Twin Room\t\t\t\t\t\t\t\t\t\t\t<\/a>\n\t\t\t\t\t\t\t\t\t\t<\/h2>\n\t\t\t\t\t\t\t\t\t\t<ul>\n\t\t\t\t\t\t\t\t\t\t\t<li><i class=\"flaticon-expand-arrows\"><\/i>265 sqm<\/li><li><i class=\"flaticon-bed\"><\/i>3 Bed<\/li><li><i class=\"flaticon-bathtub\"><\/i>2 Bathroom<\/li>\t\t\t\t\t\t\t\t\t\t<\/ul>\n\t\t\t\t\t\t\t\t\t\t<h3>$200<span> \/ Night<\/span><\/h3>\n\t\t\t\t\t\t\t\t\t<\/div>\n\t\t\t\t\t\t\t\t<\/div>\n\t\t\t\t\t\t\t<\/div>\n\t\t\t\t\t\t\t\t\t\t\t\t\t<div class=\"col-lg-4 col-md-6 col-12\">\n\t\t\t\t\t\t\t\t<div class=\"room-item\">\n\t\t\t\t\t\t\t\t\t<div class=\"room-img\">\n\t\t\t\t\t\t\t\t\t\t\t\t\t\t\t\t\t\t\t<\/div>\n\t\t\t\t\t\t\t\t\t<div class=\"room-content\">\n\t\t\t\t\t\t\t\t\t\t<h2>\n\t\t\t\t\t\t\t\t\t\t\t<a href=\"https:\/\/miramorgardenresort.com\/?p=104\">\n\t\t\t\t\t\t\t\t\t\t\t\tDeluxe Contrast Room\t\t\t\t\t\t\t\t\t\t\t<\/a>\n\t\t\t\t\t\t\t\t\t\t<\/h2>\n\t\t\t\t\t\t\t\t\t\t<ul>\n\t\t\t\t\t\t\t\t\t\t\t<li><i class=\"flaticon-expand-arrows\"><\/i>152 sqm<\/li><li><i class=\"flaticon-bed\"><\/i>2 Bed<\/li><li><i class=\"flaticon-bathtub\"><\/i>1 Bathroom<\/li>\t\t\t\t\t\t\t\t\t\t<\/ul>\n\t\t\t\t\t\t\t\t\t\t<h3>$100<span> \/ Night<\/span><\/h3>\n\t\t\t\t\t\t\t\t\t<\/div>\n\t\t\t\t\t\t\t\t<\/div>\n\t\t\t\t\t\t\t<\/div>\n\t\t\t\t\t\t\t\t\t\t\t\t<\/div>\t\t\t\t\t<\/div>\n\t\t\t\t<\/div>\n\t\t\t<\/div>\n\t\t<\/div>\n\t\t\t\t<\/div>\n\t\t\t\t\t<\/div>\n\t\t\t\t<\/div>\n\t\t\t\t<\/div>\n\t\t","protected":false},"excerpt":{"rendered":"Ekonomik \u00c7ift Ki\u015filik Oda 26 m2 1 B\u00fcy\u00fck 2 A\u00e7\u0131l\u0131r Du\u015f + Banyo \/ Night Luxury Twin Room 265 sqm 3 Bed 2 Bathroom $200 \/ Night Deluxe Contrast Room 152 sqm 2 Bed 1 Bathroom $100 \/ Night","protected":false},"author":1,"featured_media":0,"parent":0,"menu_order":0,"comment_status":"closed","ping_status":"closed","template":"elementor_header_footer","meta":{"footnotes":""},"class_list":["post-1428","page","type-page","status-publish","hentry"],"_links":{"self":[{"href":"https:\/\/miramorgardenresort.com\/index.php?rest_route=\/wp\/v2\/pages\/1428","targetHints":{"allow":["GET"]}}],"collection":[{"href":"https:\/\/miramorgardenresort.com\/index.php?rest_route=\/wp\/v2\/pages"}],"about":[{"href":"https:\/\/miramorgardenresort.com\/index.php?rest_route=\/wp\/v2\/types\/page"}],"author":[{"embeddable":true,"href":"https:\/\/miramorgardenresort.com\/index.php?rest_route=\/wp\/v2\/users\/1"}],"replies":[{"embeddable":true,"href":"https:\/\/miramorgardenresort.com\/index.php?rest_route=%2Fwp%2Fv2%2Fcomments&post=1428"}],"version-history":[{"count":34,"href":"https:\/\/miramorgardenresort.com\/index.php?rest_route=\/wp\/v2\/pages\/1428\/revisions"}],"predecessor-version":[{"id":2854,"href":"https:\/\/miramorgardenresort.com\/index.php?rest_route=\/wp\/v2\/pages\/1428\/revisions\/2854"}],"wp:attachment":[{"href":"https:\/\/miramorgardenresort.com\/index.php?rest_route=%2Fwp%2Fv2%2Fmedia&parent=1428"}],"curies":[{"name":"wp","href":"https:\/\/api.w.org\/{rel}","templated":true}]}}