{"id":1498,"date":"2024-10-29T12:01:12","date_gmt":"2024-10-29T09:01:12","guid":{"rendered":"https:\/\/miramorgardenresort.com\/?page_id=1498"},"modified":"2024-11-08T12:08:22","modified_gmt":"2024-11-08T09:08:22","slug":"services","status":"publish","type":"page","link":"https:\/\/miramorgardenresort.com\/?page_id=1498","title":{"rendered":"Hizmetler"},"content":{"rendered":"\t\t<div data-elementor-type=\"wp-page\" data-elementor-id=\"1498\" class=\"elementor elementor-1498\" data-elementor-post-type=\"page\">\n\t\t\t\t\t\t<section class=\"elementor-section elementor-top-section elementor-element elementor-element-fef115e elementor-section-full_width elementor-section-height-default elementor-section-height-default\" data-id=\"fef115e\" data-element_type=\"section\">\n\t\t\t\t\t\t<div class=\"elementor-container elementor-column-gap-no\">\n\t\t\t\t\t<div class=\"elementor-column elementor-col-100 elementor-top-column elementor-element elementor-element-b40edfc\" data-id=\"b40edfc\" data-element_type=\"column\">\n\t\t\t<div class=\"elementor-widget-wrap elementor-element-populated\">\n\t\t\t\t\t\t<div class=\"elementor-element elementor-element-e259b55 elementor-widget elementor-widget-wpo-parador_about\" data-id=\"e259b55\" data-element_type=\"widget\" data-settings=\"{&quot;about_image&quot;:{&quot;url&quot;:&quot;https:\\\/\\\/miramorgardenresort.com\\\/wp-content\\\/uploads\\\/2024\\\/11\\\/12603_Miramor_Garden_Resort_104593-Kopyala.webp&quot;,&quot;id&quot;:2339,&quot;size&quot;:&quot;&quot;,&quot;alt&quot;:&quot;&quot;,&quot;source&quot;:&quot;library&quot;}}\" data-widget_type=\"wpo-parador_about.default\">\n\t\t\t\t<div class=\"elementor-widget-container\">\n\t\t\t\t\t<div class=\"parador-about wpo-about-section\">\n\t\t\t<div class=\" container\">\n\t\t\t\t<div class=\"wpo-about-section-wrapper\">\n\t\t\t\t\t<div class=\"row align-items-center\">\n\t\t\t\t\t\t\t\t\t\t\t\t\t<div class=\"col-lg-6 col-md-12 col-12\">\n\t\t\t\t\t\t\t\t<div class=\"wpo-about-img\">\n\t\t\t\t\t\t\t\t\t<img decoding=\"async\" src=\"https:\/\/miramorgardenresort.com\/wp-content\/uploads\/2024\/11\/12603_Miramor_Garden_Resort_104593-Kopyala.webp\" alt=\"\">\t\t\t\t\t\t\t\t<\/div>\n\t\t\t\t\t\t\t<\/div>\n\t\t\t\t\t\t\t\t\t\t\t\t<div class=\" col-lg-6 col-md-12 col-12\">\n\t\t\t\t\t\t\t<div class=\"wpo-about-content\">\n\t\t\t\t\t\t\t\t<div class=\"about-title\">\n\t\t\t\t\t\t\t\t\t<span>Miramor Garden Resort<\/span><h2>Sizin i\u00e7in her\u015fey haz\u0131r.<\/h2>\t\t\t\t\t\t\t\t<\/div>\n\t\t\t\t\t\t\t\t<div class=\"wpo-about-content-inner\">\n\t\t\t\t\t\t\t\t\t<p>Tarihi, k\u00fclt\u00fcrel ve do\u011fal g\u00fczelliklerin merkezinde yer alan Miramor Garden Resort misafirlerinin bu g\u00fczellikleri uzaklara gitmeye gerek kalmadan ya\u015famas\u0131n\u0131 sa\u011fl\u0131yor. Otantik T\u00fcrk misafirperverli\u011fi, birinci s\u0131n\u0131f bir e\u011flence program\u0131 ve lezzet yolculu\u011fu, bu zahmetsizce l\u00fcks tesisi yaratmak i\u00e7in bir araya geliyor.<\/p>\t\t\t\t\t\t\t\t\t\t<div class=\"about-info-wrap\">\n\t\t\t\t\t\t\t\t\t\t\t<div class=\"about-info-left\">\n\t\t\t\t\t\t\t\t\t\t\t\t\t\t\t\t\t\t\t\t\t\t\t\t<ul>\n\t\t\t\t\t\t\t\t\t\t\t\t\t\t\t\t\t\t\t\t\t\t\t\t\t\t\t<li><i class=\"fa fa-star\" aria-hidden=\"true\"><\/i><\/li>\n\t\t\t\t\t\t\t\t\t\t\t\t\t\t<li><i class=\"fa fa-star\" aria-hidden=\"true\"><\/i><\/li>\n\t\t\t\t\t\t\t\t\t\t\t\t\t\t<li><i class=\"fa fa-star\" aria-hidden=\"true\"><\/i><\/li>\n\t\t\t\t\t\t\t\t\t\t\t\t\t\t<li><i class=\"fa fa-star\" aria-hidden=\"true\"><\/i><\/li>\n\t\t\t\t\t\t\t\t\t\t\t\t\t\t<li><span><i class=\"fa fa-star\" aria-hidden=\"true\"><\/i><\/span><\/li>\n\t\t\t\t\t\t\t\t\t\t\t\t\t\t\t\t\t\t\t\t\t\t\t\t\t<\/ul>\n\t\t\t\t\t\t\t\t\t\t\t<\/div>\n\t\t\t\t\t\t\t\t\t\t\t<div class=\"about-info-right\">\n\t\t\t\t\t\t\t\t\t\t\t\t\t\t\t\t\t\t\t\t\t\t\t<\/div>\n\t\t\t\t\t\t\t\t\t\t\t\t\t\t\t\t\t\t\t\t\t<\/div>\n\t\t\t\t\t\t\t\t\t\t\t\t\t\t\t\t\t<\/div>\n\t\t\t\t\t\t\t<\/div>\n\t\t\t\t\t\t<\/div>\n\t\t\t\t\t<\/div>\n\t\t\t\t<\/div>\n\t\t\t<\/div>\n\t\t<\/div>\n\t\t<\/div>\n\t\t\t\t<\/div>\n\t\t\t\t\t<\/div>\n\t\t<\/div>\n\t\t\t\t\t<\/div>\n\t\t<\/section>\n\t\t<div class=\"elementor-element elementor-element-e2e9c26 e-flex e-con-boxed e-con e-parent\" data-id=\"e2e9c26\" data-element_type=\"container\">\n\t\t\t\t\t<div class=\"e-con-inner\">\n\t\t\t\t<div class=\"elementor-element elementor-element-8a8ebb0 elementor-headline--style-highlight elementor-widget elementor-widget-animated-headline\" data-id=\"8a8ebb0\" data-element_type=\"widget\" data-settings=\"{&quot;highlighted_text&quot;:&quot;Konseptimiz&quot;,&quot;headline_style&quot;:&quot;highlight&quot;,&quot;marker&quot;:&quot;circle&quot;,&quot;loop&quot;:&quot;yes&quot;,&quot;highlight_animation_duration&quot;:1200,&quot;highlight_iteration_delay&quot;:8000}\" data-widget_type=\"animated-headline.default\">\n\t\t\t\t<div class=\"elementor-widget-container\">\n\t\t\t\t\t<h3 class=\"elementor-headline\">\n\t\t\t\t\t<span class=\"elementor-headline-plain-text elementor-headline-text-wrapper\">Miramor Garden Resort <\/span>\n\t\t\t\t<span class=\"elementor-headline-dynamic-wrapper elementor-headline-text-wrapper\">\n\t\t\t\t\t<span class=\"elementor-headline-dynamic-text elementor-headline-text-active\">Konseptimiz<\/span>\n\t\t\t\t<\/span>\n\t\t\t\t\t<span class=\"elementor-headline-plain-text elementor-headline-text-wrapper\"><br>Ultra Her\u015fey Dahil<\/span>\n\t\t\t\t\t<\/h3>\n\t\t\t\t<\/div>\n\t\t\t\t<\/div>\n\t\t\t\t\t<\/div>\n\t\t\t\t<\/div>\n\t\t<div class=\"elementor-element elementor-element-cf83d8c e-flex e-con-boxed e-con e-parent\" data-id=\"cf83d8c\" data-element_type=\"container\">\n\t\t\t\t\t<div class=\"e-con-inner\">\n\t\t\t\t<div class=\"elementor-element elementor-element-e8ba2cf elementor-widget elementor-widget-text-editor\" data-id=\"e8ba2cf\" data-element_type=\"widget\" data-widget_type=\"text-editor.default\">\n\t\t\t\t<div class=\"elementor-widget-container\">\n\t\t\t\t\t\t\t<div class=\"lh-15\"><h2 class=\"page-subtitle\">Konaklama<\/h2><div class=\"lh-15\"><p>Her\u015fey dahil (10:00 \u2013 22:30) sistem ile damak tad\u0131n\u0131za uygun yiyecek ve yerli alkoll\u00fc, alkols\u00fcz i\u00e7eceklerden faydalanabilirsiniz.<\/p><p>Kahvalt\u0131 \u2013 A\u00e7\u0131k B\u00fcfe \u2013 07.30 \u2013 09.30<br \/>Ge\u00e7 Kahvalt\u0131 \u2013 A\u00e7\u0131k B\u00fcfe \u2013 09.30 \u2013 10.30<br \/>Snack Bar \u2013 11:00 \u2013 12:00 \/ 15:00-17:00<br \/>\u00d6\u011fle Yeme\u011fi \u2013 A\u00e7\u0131k B\u00fcfe \u2013 12.30 \u2013 14.00<br \/>\u00c7ay Saati \u2013 17.00 \u2013 18.00<br \/>Ak\u015fam Yeme\u011fi \u2013 A\u00e7\u0131k B\u00fcfe \u2013 19.00 \u2013 21.00<\/p><p><span style=\"font-weight: 600; text-align: var(--text-align); font-size: 1rem;\">Her \u015eey Dahil<\/span><\/p><\/div><h2 class=\"page-subtitle\">Aktivite \u2013 E\u011flence<\/h2><div class=\"lh-15\"><p>Plaj voleybolu, su topu veya masa tenisi oynayabilirsiniz.<\/p><\/div><ul class=\"checked-list\"><li>Soft Animasyon<\/li><li>Masa Tenisi<\/li><li>Plaj Voleybolu<\/li><li>Su Sporlar\u0131 (\u00dccretli)<\/li><\/ul><h2 class=\"page-subtitle\">Havuz \u2013 Plaj<\/h2><div class=\"lh-15\"><p>Akdeniz k\u0131y\u0131s\u0131ndaki kendi \u00f6zel plaj\u0131 alan\u0131na 250 m mesafe bulunmaktad\u0131r.<\/p><\/div><ul class=\"checked-list\"><li>\u00c7ocuk Havuzu<\/li><li>A\u00e7\u0131k Havuz<\/li><li>Kayd\u0131rakl\u0131 Havuzu<\/li><li>\u00c7ak\u0131l<\/li><li>Shuttle Servis<\/li><li>\u00d6zel Plaj<\/li><\/ul><h2 class=\"page-subtitle\">\u00c7ocuklara \u00d6zel<\/h2><ul class=\"checked-list\"><li>Oyun Alan\u0131<\/li><li>\u00c7ocuk Havuzu<\/li><\/ul><h2 class=\"page-subtitle\">\u00dccretsiz Aktiviteler<\/h2><div class=\"lh-15\"><p>Plaj voleybolu, su topu veya masa tenisi oynayabilirsiniz.<\/p><\/div><\/div>\t\t\t\t\t\t<\/div>\n\t\t\t\t<\/div>\n\t\t\t\t\t<\/div>\n\t\t\t\t<\/div>\n\t\t\t\t<\/div>\n\t\t","protected":false},"excerpt":{"rendered":"Miramor Garden Resort Sizin i\u00e7in her\u015fey haz\u0131r. Tarihi, k\u00fclt\u00fcrel ve do\u011fal g\u00fczelliklerin merkezinde yer alan Miramor Garden Resort misafirlerinin bu g\u00fczellikleri uzaklara gitmeye gerek kalmadan ya\u015famas\u0131n\u0131 sa\u011fl\u0131yor. Otantik T\u00fcrk misafirperverli\u011fi, birinci s\u0131n\u0131f bir e\u011flence program\u0131 ve lezzet yolculu\u011fu, bu zahmetsizce l\u00fcks tesisi yaratmak i\u00e7in bir araya geliyor. Miramor Garden Resort Konseptimiz Ultra Her\u015fey Dahil Konaklama ","protected":false},"author":1,"featured_media":0,"parent":0,"menu_order":0,"comment_status":"closed","ping_status":"closed","template":"elementor_header_footer","meta":{"footnotes":""},"class_list":["post-1498","page","type-page","status-publish","hentry"],"_links":{"self":[{"href":"https:\/\/miramorgardenresort.com\/index.php?rest_route=\/wp\/v2\/pages\/1498","targetHints":{"allow":["GET"]}}],"collection":[{"href":"https:\/\/miramorgardenresort.com\/index.php?rest_route=\/wp\/v2\/pages"}],"about":[{"href":"https:\/\/miramorgardenresort.com\/index.php?rest_route=\/wp\/v2\/types\/page"}],"author":[{"embeddable":true,"href":"https:\/\/miramorgardenresort.com\/index.php?rest_route=\/wp\/v2\/users\/1"}],"replies":[{"embeddable":true,"href":"https:\/\/miramorgardenresort.com\/index.php?rest_route=%2Fwp%2Fv2%2Fcomments&post=1498"}],"version-history":[{"count":10,"href":"https:\/\/miramorgardenresort.com\/index.php?rest_route=\/wp\/v2\/pages\/1498\/revisions"}],"predecessor-version":[{"id":2403,"href":"https:\/\/miramorgardenresort.com\/index.php?rest_route=\/wp\/v2\/pages\/1498\/revisions\/2403"}],"wp:attachment":[{"href":"https:\/\/miramorgardenresort.com\/index.php?rest_route=%2Fwp%2Fv2%2Fmedia&parent=1498"}],"curies":[{"name":"wp","href":"https:\/\/api.w.org\/{rel}","templated":true}]}}