{"id":1972,"date":"2024-10-30T21:12:29","date_gmt":"2024-10-30T18:12:29","guid":{"rendered":"https:\/\/miramorgardenresort.com\/?page_id=1972"},"modified":"2024-11-08T12:02:47","modified_gmt":"2024-11-08T09:02:47","slug":"ekonomik-cift-kisilik-oda","status":"publish","type":"page","link":"https:\/\/miramorgardenresort.com\/?page_id=1972","title":{"rendered":"Aile Odas\u0131 (1+1 Ara Kap\u0131l\u0131)"},"content":{"rendered":"\t\t<div data-elementor-type=\"wp-page\" data-elementor-id=\"1972\" class=\"elementor elementor-1972\" data-elementor-post-type=\"page\">\n\t\t\t\t<div class=\"elementor-element elementor-element-7c36cfed e-flex e-con-boxed e-con e-parent\" data-id=\"7c36cfed\" data-element_type=\"container\">\n\t\t\t\t\t<div class=\"e-con-inner\">\n\t\t\t\t<div class=\"elementor-element elementor-element-de30cfa elementor-widget elementor-widget-spacer\" data-id=\"de30cfa\" data-element_type=\"widget\" data-widget_type=\"spacer.default\">\n\t\t\t\t<div class=\"elementor-widget-container\">\n\t\t\t\t\t<div class=\"elementor-spacer\">\n\t\t\t<div class=\"elementor-spacer-inner\"><\/div>\n\t\t<\/div>\n\t\t\t\t<\/div>\n\t\t\t\t<\/div>\n\t\t\t\t\t<\/div>\n\t\t\t\t<\/div>\n\t\t<div class=\"elementor-element elementor-element-91a7819 e-flex e-con-boxed e-con e-parent\" data-id=\"91a7819\" data-element_type=\"container\">\n\t\t\t\t\t<div class=\"e-con-inner\">\n\t\t<div class=\"elementor-element elementor-element-3377344 e-con-full e-flex e-con e-child\" data-id=\"3377344\" data-element_type=\"container\">\n\t\t\t\t<\/div>\n\t\t<div class=\"elementor-element elementor-element-641e0d8 e-con-full e-flex e-con e-child\" data-id=\"641e0d8\" data-element_type=\"container\">\n\t\t\t\t<div class=\"elementor-element elementor-element-a2f2633 elementor-widget elementor-widget-spacer\" data-id=\"a2f2633\" data-element_type=\"widget\" data-widget_type=\"spacer.default\">\n\t\t\t\t<div class=\"elementor-widget-container\">\n\t\t\t\t\t<div class=\"elementor-spacer\">\n\t\t\t<div class=\"elementor-spacer-inner\"><\/div>\n\t\t<\/div>\n\t\t\t\t<\/div>\n\t\t\t\t<\/div>\n\t\t\t\t<div class=\"elementor-element elementor-element-8cfdb1b elementor-widget elementor-widget-heading\" data-id=\"8cfdb1b\" data-element_type=\"widget\" data-widget_type=\"heading.default\">\n\t\t\t\t<div class=\"elementor-widget-container\">\n\t\t\t<h2 class=\"elementor-heading-title elementor-size-default\">Miramor Garden Resort<\/h2>\t\t<\/div>\n\t\t\t\t<\/div>\n\t\t\t\t<div class=\"elementor-element elementor-element-3f5ef1eb elementor-widget elementor-widget-text-editor\" data-id=\"3f5ef1eb\" data-element_type=\"widget\" data-widget_type=\"text-editor.default\">\n\t\t\t\t<div class=\"elementor-widget-container\">\n\t\t\t\t\t\t\t<article id=\"post-13885\" class=\"cmsmasters_open_project post-13885 project type-project status-publish format-standard has-post-thumbnail hentry pj-categs-bathroom pj-categs-conditioning pj-categs-mini-bar pj-categs-room-services pj-categs-hair-dryer pj-categs-cable-tv\"><div class=\"project_content\"><div class=\"cmsmasters_project_content entry-content\"><div id=\"cmsmasters_row_06a4b0cbfc\" class=\"cmsmasters_row cmsmasters_color_scheme_default cmsmasters_row_top_default cmsmasters_row_bot_default cmsmasters_row_boxed\"><div class=\"cmsmasters_row_outer_parent\"><div class=\"cmsmasters_row_outer\"><div class=\"cmsmasters_row_inner\"><div class=\"cmsmasters_row_margin cmsmasters_11\"><div id=\"cmsmasters_column_17fc158c50\" class=\"cmsmasters_column one_first\"><div class=\"cmsmasters_column_inner\"><div class=\"cmsmasters_tabs tabs_mode_tab\"><div class=\"cmsmasters_tabs_wrap\"><div id=\"cmsmasters_tab_8x4un4rzue\" class=\"cmsmasters_tab active_tab\"><div class=\"cmsmasters_tab_inner\"><section class=\"subpage\"><div class=\"container\"><div class=\"lh-15\"><p>Aile Odalar\u0131m\u0131zda bir \u00e7ift ki\u015filik yatak olup, 2 adet a\u00e7\u0131l\u0131r koltuk mevcuttur. Zemin laminant parkedir. 26m\u00b2 b\u00fcy\u00fckl\u00fc\u011f\u00fcnde olan Corner odalar\u0131m\u0131zda; Balkon, Klima, Telefon, Uydu Yay\u0131nl\u0131 Lcd TV, Mini bar, G\u00fcvenlik Kasas\u0131 (\u00fccretli), Makyaj masas\u0131, Du\u015fakabin, Sa\u00e7 Kurutma Makinesi ve buklet malzemeleri bulunmaktad\u0131r.<\/p><\/div><\/div><\/section><\/div><\/div><\/div><\/div><\/div><\/div><\/div><\/div><\/div><\/div><\/div><\/div><\/div><\/article>\t\t\t\t\t\t<\/div>\n\t\t\t\t<\/div>\n\t\t\t\t<div class=\"elementor-element elementor-element-686e77a elementor-widget-divider--view-line elementor-widget elementor-widget-divider\" data-id=\"686e77a\" data-element_type=\"widget\" data-widget_type=\"divider.default\">\n\t\t\t\t<div class=\"elementor-widget-container\">\n\t\t\t\t\t<div class=\"elementor-divider\">\n\t\t\t<span class=\"elementor-divider-separator\">\n\t\t\t\t\t\t<\/span>\n\t\t<\/div>\n\t\t\t\t<\/div>\n\t\t\t\t<\/div>\n\t\t\t\t<\/div>\n\t\t\t\t\t<\/div>\n\t\t\t\t<\/div>\n\t\t<div class=\"elementor-element elementor-element-6535212 e-flex e-con-boxed e-con e-parent\" data-id=\"6535212\" data-element_type=\"container\">\n\t\t\t\t\t<div class=\"e-con-inner\">\n\t\t\t\t<div class=\"elementor-element elementor-element-dbd0315 elementor-widget__width-initial elementor-widget elementor-widget-wpo-parador_feature\" data-id=\"dbd0315\" data-element_type=\"widget\" data-widget_type=\"wpo-parador_feature.default\">\n\t\t\t\t<div class=\"elementor-widget-container\">\n\t\t\t\t\t<div class=\"wpo-service-area\">\n\t\t\t<div class=\"wpo-service-wrap\">\n\t\t\t\t<div class=\"container\">\n\t\t\t\t\t<div class=\"row align-items-center\">\n\t\t\t\t\t\t<div class=\"col-xl-4 col-lg-8 col-12\">\n\t\t\t\t\t\t\t<div class=\"wpo-service-content\">\n\t\t\t\t\t\t\t\t<h2>Rahat\u0131n\u0131z i\u00e7in t\u00fcm ihtiya\u00e7lar\u0131n\u0131z haz\u0131r ...<\/h2>\t\t\t\t\t\t\t<\/div>\n\t\t\t\t\t\t<\/div>\n\t\t\t\t\t\t<div class=\"col-xl-8 col-12\">\n\t\t\t\t\t\t\t<div class=\"wpo-service-items\">\n\t\t\t\t\t\t\t\t\t\t\t\t\t\t\t\t\t\t<div class=\"wpo-service-item\">\n\t\t\t\t\t\t\t\t\t\t\t<i class=\"fi flaticon-bathtub\"><\/i><h2>Banyo <\/h2>\t\t\t\t\t\t\t\t\t\t<\/div>\n\t\t\t\t\t\t\t\t\t\t\t\t\t\t\t\t\t\t<div class=\"wpo-service-item\">\n\t\t\t\t\t\t\t\t\t\t\t<i class=\"fi flaticon-bed\"><\/i><h2>Rahat Yataklar<\/h2>\t\t\t\t\t\t\t\t\t\t<\/div>\n\t\t\t\t\t\t\t\t\t\t\t\t\t\t\t\t\t\t<div class=\"wpo-service-item\">\n\t\t\t\t\t\t\t\t\t\t\t<i class=\"fi flaticon-next\"><\/i><h2>Mini Bar<\/h2>\t\t\t\t\t\t\t\t\t\t<\/div>\n\t\t\t\t\t\t\t\t\t\t\t\t\t\t\t\t\t\t<div class=\"wpo-service-item\">\n\t\t\t\t\t\t\t\t\t\t\t<i class=\"fi flaticon-placeholder\"><\/i><h2>Oda Servisi<\/h2>\t\t\t\t\t\t\t\t\t\t<\/div>\n\t\t\t\t\t\t\t\t\t\t\t\t\t\t\t\t\t\t<div class=\"wpo-service-item\">\n\t\t\t\t\t\t\t\t\t\t\t<i class=\"fi flaticon-quote\"><\/i><h2>Estetik Mimari<\/h2>\t\t\t\t\t\t\t\t\t\t<\/div>\n\t\t\t\t\t\t\t\t\t\t\t\t\t\t\t\t\t\t<div class=\"wpo-service-item\">\n\t\t\t\t\t\t\t\t\t\t\t<i class=\"fi flaticon-wifi\"><\/i><h2>Wi-Fi<\/h2>\t\t\t\t\t\t\t\t\t\t<\/div>\n\t\t\t\t\t\t\t\t\t\t\t\t\t\t\t\t\t\t<div class=\"wpo-service-item\">\n\t\t\t\t\t\t\t\t\t\t\t<i class=\"fi flaticon-cappuccino\"><\/i><h2>Kettle<\/h2>\t\t\t\t\t\t\t\t\t\t<\/div>\n\t\t\t\t\t\t\t\t\t\t\t\t\t\t\t\t\t\t<div class=\"wpo-service-item\">\n\t\t\t\t\t\t\t\t\t\t\t<i class=\"fi flaticon-expand-arrows\"><\/i><h2>Geni\u015f ve Rahat<\/h2>\t\t\t\t\t\t\t\t\t\t<\/div>\n\t\t\t\t\t\t\t\t\t\t\t\t\t\t\t<\/div>\n\t\t\t\t\t\t<\/div>\n\t\t\t\t\t<\/div>\n\t\t\t\t<\/div>\n\t\t\t<\/div>\n\t\t<\/div>\n\t\t<\/div>\n\t\t\t\t<\/div>\n\t\t\t\t\t<\/div>\n\t\t\t\t<\/div>\n\t\t\t\t<\/div>\n\t\t","protected":false},"excerpt":{"rendered":"Miramor Garden Resort Aile Odalar\u0131m\u0131zda bir \u00e7ift ki\u015filik yatak olup, 2 adet a\u00e7\u0131l\u0131r koltuk mevcuttur. Zemin laminant parkedir. 26m\u00b2 b\u00fcy\u00fckl\u00fc\u011f\u00fcnde olan Corner odalar\u0131m\u0131zda; Balkon, Klima, Telefon, Uydu Yay\u0131nl\u0131 Lcd TV, Mini bar, G\u00fcvenlik Kasas\u0131 (\u00fccretli), Makyaj masas\u0131, Du\u015fakabin, Sa\u00e7 Kurutma Makinesi ve buklet malzemeleri bulunmaktad\u0131r. Rahat\u0131n\u0131z i\u00e7in t\u00fcm ihtiya\u00e7lar\u0131n\u0131z haz\u0131r &#8230; Banyo Rahat Yataklar Mini ","protected":false},"author":1,"featured_media":0,"parent":0,"menu_order":0,"comment_status":"closed","ping_status":"closed","template":"elementor_header_footer","meta":{"footnotes":""},"class_list":["post-1972","page","type-page","status-publish","hentry"],"_links":{"self":[{"href":"https:\/\/miramorgardenresort.com\/index.php?rest_route=\/wp\/v2\/pages\/1972","targetHints":{"allow":["GET"]}}],"collection":[{"href":"https:\/\/miramorgardenresort.com\/index.php?rest_route=\/wp\/v2\/pages"}],"about":[{"href":"https:\/\/miramorgardenresort.com\/index.php?rest_route=\/wp\/v2\/types\/page"}],"author":[{"embeddable":true,"href":"https:\/\/miramorgardenresort.com\/index.php?rest_route=\/wp\/v2\/users\/1"}],"replies":[{"embeddable":true,"href":"https:\/\/miramorgardenresort.com\/index.php?rest_route=%2Fwp%2Fv2%2Fcomments&post=1972"}],"version-history":[{"count":35,"href":"https:\/\/miramorgardenresort.com\/index.php?rest_route=\/wp\/v2\/pages\/1972\/revisions"}],"predecessor-version":[{"id":2396,"href":"https:\/\/miramorgardenresort.com\/index.php?rest_route=\/wp\/v2\/pages\/1972\/revisions\/2396"}],"wp:attachment":[{"href":"https:\/\/miramorgardenresort.com\/index.php?rest_route=%2Fwp%2Fv2%2Fmedia&parent=1972"}],"curies":[{"name":"wp","href":"https:\/\/api.w.org\/{rel}","templated":true}]}}