{"id":2705,"date":"2024-10-30T21:12:29","date_gmt":"2024-10-30T18:12:29","guid":{"rendered":"https:\/\/miramorgardenresort.com\/?page_id=2705"},"modified":"2026-03-30T09:09:52","modified_gmt":"2026-03-30T06:09:52","slug":"aile-odasi-11-ara-kapili","status":"publish","type":"page","link":"https:\/\/miramorgardenresort.com\/?page_id=2705&lang=de","title":{"rendered":"Aile Odas\u0131 (1+1 Ara Kap\u0131l\u0131)"},"content":{"rendered":"\t\t<div data-elementor-type=\"wp-page\" data-elementor-id=\"2705\" class=\"elementor elementor-2705\" data-elementor-post-type=\"page\">\n\t\t\t\t<div class=\"elementor-element elementor-element-7c36cfed e-flex e-con-boxed e-con e-parent\" data-id=\"7c36cfed\" data-element_type=\"container\">\n\t\t\t\t\t<div class=\"e-con-inner\">\n\t\t\t\t<div class=\"elementor-element elementor-element-de30cfa elementor-widget elementor-widget-spacer\" data-id=\"de30cfa\" data-element_type=\"widget\" data-widget_type=\"spacer.default\">\n\t\t\t\t<div class=\"elementor-widget-container\">\n\t\t\t\t\t<div class=\"elementor-spacer\">\n\t\t\t<div class=\"elementor-spacer-inner\"><\/div>\n\t\t<\/div>\n\t\t\t\t<\/div>\n\t\t\t\t<\/div>\n\t\t\t\t\t<\/div>\n\t\t\t\t<\/div>\n\t\t<div class=\"elementor-element elementor-element-91a7819 e-flex e-con-boxed e-con e-parent\" data-id=\"91a7819\" data-element_type=\"container\">\n\t\t\t\t\t<div class=\"e-con-inner\">\n\t\t<div class=\"elementor-element elementor-element-3377344 e-con-full e-flex e-con e-child\" data-id=\"3377344\" data-element_type=\"container\">\n\t\t\t\t<\/div>\n\t\t<div class=\"elementor-element elementor-element-641e0d8 e-con-full e-flex e-con e-child\" data-id=\"641e0d8\" data-element_type=\"container\">\n\t\t\t\t<div class=\"elementor-element elementor-element-a2f2633 elementor-widget elementor-widget-spacer\" data-id=\"a2f2633\" data-element_type=\"widget\" data-widget_type=\"spacer.default\">\n\t\t\t\t<div class=\"elementor-widget-container\">\n\t\t\t\t\t<div class=\"elementor-spacer\">\n\t\t\t<div class=\"elementor-spacer-inner\"><\/div>\n\t\t<\/div>\n\t\t\t\t<\/div>\n\t\t\t\t<\/div>\n\t\t\t\t<div class=\"elementor-element elementor-element-8cfdb1b elementor-widget elementor-widget-heading\" data-id=\"8cfdb1b\" data-element_type=\"widget\" data-widget_type=\"heading.default\">\n\t\t\t\t<div class=\"elementor-widget-container\">\n\t\t\t<h2 class=\"elementor-heading-title elementor-size-default\">Miramor Garden Resort<\/h2>\t\t<\/div>\n\t\t\t\t<\/div>\n\t\t\t\t<div class=\"elementor-element elementor-element-3f5ef1eb elementor-widget elementor-widget-text-editor\" data-id=\"3f5ef1eb\" data-element_type=\"widget\" data-widget_type=\"text-editor.default\">\n\t\t\t\t<div class=\"elementor-widget-container\">\n\t\t\t\t\t\t\t<article id=\"post-13885\" class=\"cmsmasters_open_project post-13885 project type-project status-publish format-standard has-post-thumbnail hentry pj-categs-bathroom pj-categs-conditioning pj-categs-mini-bar pj-categs-room-services pj-categs-hair-dryer pj-categs-cable-tv\"><div class=\"project_content\"><div class=\"cmsmasters_project_content entry-content\"><div id=\"cmsmasters_row_06a4b0cbfc\" class=\"cmsmasters_row cmsmasters_color_scheme_default cmsmasters_row_top_default cmsmasters_row_bot_default cmsmasters_row_boxed\"><div class=\"cmsmasters_row_outer_parent\"><div class=\"cmsmasters_row_outer\"><div class=\"cmsmasters_row_inner\"><div class=\"cmsmasters_row_margin cmsmasters_11\"><div id=\"cmsmasters_column_17fc158c50\" class=\"cmsmasters_column one_first\"><div class=\"cmsmasters_column_inner\"><div class=\"cmsmasters_tabs tabs_mode_tab\"><div class=\"cmsmasters_tabs_wrap\"><div id=\"cmsmasters_tab_8x4un4rzue\" class=\"cmsmasters_tab active_tab\"><div class=\"cmsmasters_tab_inner\"><section class=\"subpage\"><div class=\"container\"><div class=\"lh-15\"><p>Unsere Familienzimmer verf\u00fcgen \u00fcber ein Doppelbett und zwei Schlafsofas. Die B\u00f6den sind mit Laminatparkett ausgelegt. Unsere 26 m\u00b2 gro\u00dfen Eckzimmer bieten einen Balkon, Klimaanlage, Telefon, Satelliten-LCD-TV, Minibar, Safe (gegen Geb\u00fchr), Schminktisch, Duschkabine, Haartrockner und Pflegeprodukte.<\/p><\/div><\/div><\/section><\/div><\/div><\/div><\/div><\/div><\/div><\/div><\/div><\/div><\/div><\/div><\/div><\/div><\/article>\t\t\t\t\t\t<\/div>\n\t\t\t\t<\/div>\n\t\t\t\t<div class=\"elementor-element elementor-element-686e77a elementor-widget-divider--view-line elementor-widget elementor-widget-divider\" data-id=\"686e77a\" data-element_type=\"widget\" data-widget_type=\"divider.default\">\n\t\t\t\t<div class=\"elementor-widget-container\">\n\t\t\t\t\t<div class=\"elementor-divider\">\n\t\t\t<span class=\"elementor-divider-separator\">\n\t\t\t\t\t\t<\/span>\n\t\t<\/div>\n\t\t\t\t<\/div>\n\t\t\t\t<\/div>\n\t\t\t\t<\/div>\n\t\t\t\t\t<\/div>\n\t\t\t\t<\/div>\n\t\t<div class=\"elementor-element elementor-element-6535212 e-flex e-con-boxed e-con e-parent\" data-id=\"6535212\" data-element_type=\"container\">\n\t\t\t\t\t<div class=\"e-con-inner\">\n\t\t\t\t<div class=\"elementor-element elementor-element-dbd0315 elementor-widget__width-initial elementor-widget elementor-widget-wpo-parador_feature\" data-id=\"dbd0315\" data-element_type=\"widget\" data-widget_type=\"wpo-parador_feature.default\">\n\t\t\t\t<div class=\"elementor-widget-container\">\n\t\t\t\t\t<div class=\"wpo-service-area\">\n\t\t\t<div class=\"wpo-service-wrap\">\n\t\t\t\t<div class=\"container\">\n\t\t\t\t\t<div class=\"row align-items-center\">\n\t\t\t\t\t\t<div class=\"col-xl-4 col-lg-8 col-12\">\n\t\t\t\t\t\t\t<div class=\"wpo-service-content\">\n\t\t\t\t\t\t\t\t<h2>Alles, was Sie f\u00fcr Ihren Komfort ben\u00f6tigen, ist bereit...<\/h2>\t\t\t\t\t\t\t<\/div>\n\t\t\t\t\t\t<\/div>\n\t\t\t\t\t\t<div class=\"col-xl-8 col-12\">\n\t\t\t\t\t\t\t<div class=\"wpo-service-items\">\n\t\t\t\t\t\t\t\t\t\t\t\t\t\t\t\t\t\t<div class=\"wpo-service-item\">\n\t\t\t\t\t\t\t\t\t\t\t<i class=\"fi flaticon-bathtub\"><\/i><h2>Bad<\/h2>\t\t\t\t\t\t\t\t\t\t<\/div>\n\t\t\t\t\t\t\t\t\t\t\t\t\t\t\t\t\t\t<div class=\"wpo-service-item\">\n\t\t\t\t\t\t\t\t\t\t\t<i class=\"fi flaticon-bed\"><\/i><h2>Bequeme Betten<\/h2>\t\t\t\t\t\t\t\t\t\t<\/div>\n\t\t\t\t\t\t\t\t\t\t\t\t\t\t\t\t\t\t<div class=\"wpo-service-item\">\n\t\t\t\t\t\t\t\t\t\t\t<i class=\"fi flaticon-next\"><\/i><h2>Minibar<\/h2>\t\t\t\t\t\t\t\t\t\t<\/div>\n\t\t\t\t\t\t\t\t\t\t\t\t\t\t\t\t\t\t<div class=\"wpo-service-item\">\n\t\t\t\t\t\t\t\t\t\t\t<i class=\"fi flaticon-placeholder\"><\/i><h2>Zimmerservice<\/h2>\t\t\t\t\t\t\t\t\t\t<\/div>\n\t\t\t\t\t\t\t\t\t\t\t\t\t\t\t\t\t\t<div class=\"wpo-service-item\">\n\t\t\t\t\t\t\t\t\t\t\t<i class=\"fi flaticon-quote\"><\/i><h2>\u00c4sthetische Architektur<\/h2>\t\t\t\t\t\t\t\t\t\t<\/div>\n\t\t\t\t\t\t\t\t\t\t\t\t\t\t\t\t\t\t<div class=\"wpo-service-item\">\n\t\t\t\t\t\t\t\t\t\t\t<i class=\"fi flaticon-wifi\"><\/i><h2>Wi-Fi<\/h2>\t\t\t\t\t\t\t\t\t\t<\/div>\n\t\t\t\t\t\t\t\t\t\t\t\t\t\t\t\t\t\t<div class=\"wpo-service-item\">\n\t\t\t\t\t\t\t\t\t\t\t<i class=\"fi flaticon-cappuccino\"><\/i><h2>Kettle<\/h2>\t\t\t\t\t\t\t\t\t\t<\/div>\n\t\t\t\t\t\t\t\t\t\t\t\t\t\t\t\t\t\t<div class=\"wpo-service-item\">\n\t\t\t\t\t\t\t\t\t\t\t<i class=\"fi flaticon-expand-arrows\"><\/i><h2>Ger\u00e4umig und komfortabel<\/h2>\t\t\t\t\t\t\t\t\t\t<\/div>\n\t\t\t\t\t\t\t\t\t\t\t\t\t\t\t<\/div>\n\t\t\t\t\t\t<\/div>\n\t\t\t\t\t<\/div>\n\t\t\t\t<\/div>\n\t\t\t<\/div>\n\t\t<\/div>\n\t\t<\/div>\n\t\t\t\t<\/div>\n\t\t\t\t\t<\/div>\n\t\t\t\t<\/div>\n\t\t\t\t<\/div>\n\t\t","protected":false},"excerpt":{"rendered":"Miramor Garden Resort Unsere Familienzimmer verf\u00fcgen \u00fcber ein Doppelbett und zwei Schlafsofas. Die B\u00f6den sind mit Laminatparkett ausgelegt. Unsere 26 m\u00b2 gro\u00dfen Eckzimmer bieten einen Balkon, Klimaanlage, Telefon, Satelliten-LCD-TV, Minibar, Safe (gegen Geb\u00fchr), Schminktisch, Duschkabine, Haartrockner und Pflegeprodukte. Alles, was Sie f\u00fcr Ihren Komfort ben\u00f6tigen, ist bereit&#8230; Bad Bequeme Betten Minibar Zimmerservice \u00c4sthetische Architektur Wi-Fi ","protected":false},"author":1,"featured_media":0,"parent":0,"menu_order":0,"comment_status":"closed","ping_status":"closed","template":"elementor_header_footer","meta":{"footnotes":""},"class_list":["post-2705","page","type-page","status-publish","hentry"],"_links":{"self":[{"href":"https:\/\/miramorgardenresort.com\/index.php?rest_route=\/wp\/v2\/pages\/2705","targetHints":{"allow":["GET"]}}],"collection":[{"href":"https:\/\/miramorgardenresort.com\/index.php?rest_route=\/wp\/v2\/pages"}],"about":[{"href":"https:\/\/miramorgardenresort.com\/index.php?rest_route=\/wp\/v2\/types\/page"}],"author":[{"embeddable":true,"href":"https:\/\/miramorgardenresort.com\/index.php?rest_route=\/wp\/v2\/users\/1"}],"replies":[{"embeddable":true,"href":"https:\/\/miramorgardenresort.com\/index.php?rest_route=%2Fwp%2Fv2%2Fcomments&post=2705"}],"version-history":[{"count":3,"href":"https:\/\/miramorgardenresort.com\/index.php?rest_route=\/wp\/v2\/pages\/2705\/revisions"}],"predecessor-version":[{"id":2752,"href":"https:\/\/miramorgardenresort.com\/index.php?rest_route=\/wp\/v2\/pages\/2705\/revisions\/2752"}],"wp:attachment":[{"href":"https:\/\/miramorgardenresort.com\/index.php?rest_route=%2Fwp%2Fv2%2Fmedia&parent=2705"}],"curies":[{"name":"wp","href":"https:\/\/api.w.org\/{rel}","templated":true}]}}