{"id":2808,"date":"2024-10-29T12:01:12","date_gmt":"2024-10-29T09:01:12","guid":{"rendered":"https:\/\/miramorgardenresort.com\/?page_id=2808"},"modified":"2026-03-30T19:28:37","modified_gmt":"2026-03-30T16:28:37","slug":"hizmetler","status":"publish","type":"page","link":"https:\/\/miramorgardenresort.com\/?page_id=2808&lang=de","title":{"rendered":"Hizmetler"},"content":{"rendered":"\t\t<div data-elementor-type=\"wp-page\" data-elementor-id=\"2808\" class=\"elementor elementor-2808\" data-elementor-post-type=\"page\">\n\t\t\t\t\t\t<section class=\"elementor-section elementor-top-section elementor-element elementor-element-fef115e elementor-section-full_width elementor-section-height-default elementor-section-height-default\" data-id=\"fef115e\" data-element_type=\"section\">\n\t\t\t\t\t\t<div class=\"elementor-container elementor-column-gap-no\">\n\t\t\t\t\t<div class=\"elementor-column elementor-col-100 elementor-top-column elementor-element elementor-element-b40edfc\" data-id=\"b40edfc\" data-element_type=\"column\">\n\t\t\t<div class=\"elementor-widget-wrap elementor-element-populated\">\n\t\t\t\t\t\t<div class=\"elementor-element elementor-element-e259b55 elementor-widget elementor-widget-wpo-parador_about\" data-id=\"e259b55\" data-element_type=\"widget\" data-settings=\"{&quot;about_image&quot;:{&quot;url&quot;:&quot;https:\\\/\\\/miramorgardenresort.com\\\/wp-content\\\/uploads\\\/2024\\\/11\\\/12603_Miramor_Garden_Resort_104593-Kopyala.webp&quot;,&quot;id&quot;:2339,&quot;size&quot;:&quot;&quot;,&quot;alt&quot;:&quot;&quot;,&quot;source&quot;:&quot;library&quot;}}\" data-widget_type=\"wpo-parador_about.default\">\n\t\t\t\t<div class=\"elementor-widget-container\">\n\t\t\t\t\t<div class=\"parador-about wpo-about-section\">\n\t\t\t<div class=\" container\">\n\t\t\t\t<div class=\"wpo-about-section-wrapper\">\n\t\t\t\t\t<div class=\"row align-items-center\">\n\t\t\t\t\t\t\t\t\t\t\t\t\t<div class=\"col-lg-6 col-md-12 col-12\">\n\t\t\t\t\t\t\t\t<div class=\"wpo-about-img\">\n\t\t\t\t\t\t\t\t\t<img decoding=\"async\" src=\"https:\/\/miramorgardenresort.com\/wp-content\/uploads\/2024\/11\/12603_Miramor_Garden_Resort_104593-Kopyala.webp\" alt=\"\">\t\t\t\t\t\t\t\t<\/div>\n\t\t\t\t\t\t\t<\/div>\n\t\t\t\t\t\t\t\t\t\t\t\t<div class=\" col-lg-6 col-md-12 col-12\">\n\t\t\t\t\t\t\t<div class=\"wpo-about-content\">\n\t\t\t\t\t\t\t\t<div class=\"about-title\">\n\t\t\t\t\t\t\t\t\t<span>Miramor Garden Resort<\/span><h2>Alles ist f\u00fcr Sie vorbereitet.<\/h2>\t\t\t\t\t\t\t\t<\/div>\n\t\t\t\t\t\t\t\t<div class=\"wpo-about-content-inner\">\n\t\t\t\t\t\t\t\t\t<p>Im Herzen einer Region mit historisch, kulturell und landschaftlich reizvoller Umgebung gelegen, erm\u00f6glicht das Miramor Garden Resort seinen G\u00e4sten, diese Wunder zu erleben, ohne weite Reisen unternehmen zu m\u00fcssen. Authentische t\u00fcrkische Gastfreundschaft, ein erstklassiges Unterhaltungsprogramm und kulinarische Gen\u00fcsse vereinen sich zu einem luxuri\u00f6sen Resort von unvergleichlicher Leichtigkeit.<\/p>\t\t\t\t\t\t\t\t\t\t<div class=\"about-info-wrap\">\n\t\t\t\t\t\t\t\t\t\t\t<div class=\"about-info-left\">\n\t\t\t\t\t\t\t\t\t\t\t\t\t\t\t\t\t\t\t\t\t\t\t\t<ul>\n\t\t\t\t\t\t\t\t\t\t\t\t\t\t\t\t\t\t\t\t\t\t\t\t\t\t\t<li><i class=\"fa fa-star\" aria-hidden=\"true\"><\/i><\/li>\n\t\t\t\t\t\t\t\t\t\t\t\t\t\t<li><i class=\"fa fa-star\" aria-hidden=\"true\"><\/i><\/li>\n\t\t\t\t\t\t\t\t\t\t\t\t\t\t<li><i class=\"fa fa-star\" aria-hidden=\"true\"><\/i><\/li>\n\t\t\t\t\t\t\t\t\t\t\t\t\t\t<li><i class=\"fa fa-star\" aria-hidden=\"true\"><\/i><\/li>\n\t\t\t\t\t\t\t\t\t\t\t\t\t\t<li><span><i class=\"fa fa-star\" aria-hidden=\"true\"><\/i><\/span><\/li>\n\t\t\t\t\t\t\t\t\t\t\t\t\t\t\t\t\t\t\t\t\t\t\t\t\t<\/ul>\n\t\t\t\t\t\t\t\t\t\t\t<\/div>\n\t\t\t\t\t\t\t\t\t\t\t<div class=\"about-info-right\">\n\t\t\t\t\t\t\t\t\t\t\t\t\t\t\t\t\t\t\t\t\t\t\t<\/div>\n\t\t\t\t\t\t\t\t\t\t\t\t\t\t\t\t\t\t\t\t\t<\/div>\n\t\t\t\t\t\t\t\t\t\t\t\t\t\t\t\t\t<\/div>\n\t\t\t\t\t\t\t<\/div>\n\t\t\t\t\t\t<\/div>\n\t\t\t\t\t<\/div>\n\t\t\t\t<\/div>\n\t\t\t<\/div>\n\t\t<\/div>\n\t\t<\/div>\n\t\t\t\t<\/div>\n\t\t\t\t\t<\/div>\n\t\t<\/div>\n\t\t\t\t\t<\/div>\n\t\t<\/section>\n\t\t<div class=\"elementor-element elementor-element-e2e9c26 e-flex e-con-boxed e-con e-parent\" data-id=\"e2e9c26\" data-element_type=\"container\">\n\t\t\t\t\t<div class=\"e-con-inner\">\n\t\t\t\t<div class=\"elementor-element elementor-element-8a8ebb0 elementor-headline--style-highlight elementor-widget elementor-widget-animated-headline\" data-id=\"8a8ebb0\" data-element_type=\"widget\" data-settings=\"{&quot;highlighted_text&quot;:&quot;Unser Konzept&quot;,&quot;headline_style&quot;:&quot;highlight&quot;,&quot;marker&quot;:&quot;circle&quot;,&quot;loop&quot;:&quot;yes&quot;,&quot;highlight_animation_duration&quot;:1200,&quot;highlight_iteration_delay&quot;:8000}\" data-widget_type=\"animated-headline.default\">\n\t\t\t\t<div class=\"elementor-widget-container\">\n\t\t\t\t\t<h3 class=\"elementor-headline\">\n\t\t\t\t\t<span class=\"elementor-headline-plain-text elementor-headline-text-wrapper\">Miramor Garden Resort <\/span>\n\t\t\t\t<span class=\"elementor-headline-dynamic-wrapper elementor-headline-text-wrapper\">\n\t\t\t\t\t<span class=\"elementor-headline-dynamic-text elementor-headline-text-active\">Unser Konzept<\/span>\n\t\t\t\t<\/span>\n\t\t\t\t\t<span class=\"elementor-headline-plain-text elementor-headline-text-wrapper\"><br>Ultra All Inclusive<\/span>\n\t\t\t\t\t<\/h3>\n\t\t\t\t<\/div>\n\t\t\t\t<\/div>\n\t\t\t\t\t<\/div>\n\t\t\t\t<\/div>\n\t\t<div class=\"elementor-element elementor-element-cf83d8c e-flex e-con-boxed e-con e-parent\" data-id=\"cf83d8c\" data-element_type=\"container\">\n\t\t\t\t\t<div class=\"e-con-inner\">\n\t\t\t\t<div class=\"elementor-element elementor-element-e8ba2cf elementor-widget elementor-widget-text-editor\" data-id=\"e8ba2cf\" data-element_type=\"widget\" data-widget_type=\"text-editor.default\">\n\t\t\t\t<div class=\"elementor-widget-container\">\n\t\t\t\t\t\t\t<div class=\"lh-15\"><p>Unterkunft<\/p><p>Das All-inclusive-System (10:00\u201322:30 Uhr) erm\u00f6glicht Ihnen, Speisen nach Wahl sowie lokale alkoholische und alkoholfreie Getr\u00e4nke zu genie\u00dfen.<\/p><p>Fr\u00fchst\u00fcck \u2013 Buffet \u2013 07:30\u201309:30 Uhr<br \/>Sp\u00e4tfr\u00fchst\u00fcck \u2013 Buffet \u2013 09:30\u201310:30 Uhr<br \/>Snack-Bar \u2013 11:00\u201312:00 Uhr \/ 15:00\u201317:00 Uhr<br \/>Mittagessen \u2013 Buffet \u2013 12:30\u201314:00 Uhr<br \/>Teepause \u2013 17:00\u201318:00 Uhr<br \/>Abendessen \u2013 Buffet \u2013 19:00\u201321:00 Uhr<\/p><p>All Inclusive<\/p><p>Aktivit\u00e4ten \u2013 Unterhaltung<\/p><p>Sie k\u00f6nnen Beachvolleyball, Wasserball oder Tischtennis spielen.<\/p><p>Sanfte Animation<br \/>Tischtennis<br \/>Beachvolleyball<br \/>Wassersport (kostenpflichtig)<br \/>Pool \u2013 Strand<\/p><p>Nur 250 m vom privaten Strandabschnitt an der Mittelmeerk\u00fcste entfernt.<\/p><p>Kinderbecken<br \/>Au\u00dfenpool<br \/>Pool mit Rutschen<br \/>Kieselpool<br \/>Shuttle-Service<br \/>Privatstrand<br \/>Kinderspielplatz<br \/>Spielplatz<br \/>Kinderbecken<br \/>Kostenlose Aktivit\u00e4ten<\/p><p>Spielen Sie Beachvolleyball, Wasserball oder Tischtennis.<\/p><\/div>\t\t\t\t\t\t<\/div>\n\t\t\t\t<\/div>\n\t\t\t\t\t<\/div>\n\t\t\t\t<\/div>\n\t\t\t\t<\/div>\n\t\t","protected":false},"excerpt":{"rendered":"Miramor Garden Resort Alles ist f\u00fcr Sie vorbereitet. Im Herzen einer Region mit historisch, kulturell und landschaftlich reizvoller Umgebung gelegen, erm\u00f6glicht das Miramor Garden Resort seinen G\u00e4sten, diese Wunder zu erleben, ohne weite Reisen unternehmen zu m\u00fcssen. Authentische t\u00fcrkische Gastfreundschaft, ein erstklassiges Unterhaltungsprogramm und kulinarische Gen\u00fcsse vereinen sich zu einem luxuri\u00f6sen Resort von unvergleichlicher Leichtigkeit. ","protected":false},"author":1,"featured_media":0,"parent":0,"menu_order":0,"comment_status":"closed","ping_status":"closed","template":"elementor_header_footer","meta":{"footnotes":""},"class_list":["post-2808","page","type-page","status-publish","hentry"],"_links":{"self":[{"href":"https:\/\/miramorgardenresort.com\/index.php?rest_route=\/wp\/v2\/pages\/2808","targetHints":{"allow":["GET"]}}],"collection":[{"href":"https:\/\/miramorgardenresort.com\/index.php?rest_route=\/wp\/v2\/pages"}],"about":[{"href":"https:\/\/miramorgardenresort.com\/index.php?rest_route=\/wp\/v2\/types\/page"}],"author":[{"embeddable":true,"href":"https:\/\/miramorgardenresort.com\/index.php?rest_route=\/wp\/v2\/users\/1"}],"replies":[{"embeddable":true,"href":"https:\/\/miramorgardenresort.com\/index.php?rest_route=%2Fwp%2Fv2%2Fcomments&post=2808"}],"version-history":[{"count":4,"href":"https:\/\/miramorgardenresort.com\/index.php?rest_route=\/wp\/v2\/pages\/2808\/revisions"}],"predecessor-version":[{"id":2817,"href":"https:\/\/miramorgardenresort.com\/index.php?rest_route=\/wp\/v2\/pages\/2808\/revisions\/2817"}],"wp:attachment":[{"href":"https:\/\/miramorgardenresort.com\/index.php?rest_route=%2Fwp%2Fv2%2Fmedia&parent=2808"}],"curies":[{"name":"wp","href":"https:\/\/api.w.org\/{rel}","templated":true}]}}